{"id":65529,"date":"2021-03-18T07:46:27","date_gmt":"2021-03-18T07:46:27","guid":{"rendered":"https:\/\/www.acmagile.com\/ozlem-celik\/"},"modified":"2021-03-18T09:41:42","modified_gmt":"2021-03-18T09:41:42","slug":"ozlem-celik","status":"publish","type":"page","link":"https:\/\/old.acmagile.com\/en\/ozlem-celik\/","title":{"rendered":"\u00d6zlem \u00c7elik"},"content":{"rendered":"<p>[vc_row][vc_column width=&#8221;1\/4&#8243;][vc_single_image image=&#8221;65524&#8243; img_size=&#8221;large&#8221; alignment=&#8221;center&#8221; style=&#8221;vc_box_shadow_border_circle_2&#8243; lazy_loading=&#8221;true&#8221;][\/vc_column][vc_column width=&#8221;3\/4&#8243;][vc_custom_heading text=&#8221;\u00d6ZLEM \u00c7EL\u0130K&#8221; font_container=&#8221;tag:h1|text_align:left&#8221; use_theme_fonts=&#8221;yes&#8221;][vc_column_text]<\/p>\n<h2>UK Business Partner<\/h2>\n<h4><em>PSM I, PSPO I<\/em><\/h4>\n<p>\u00d6zlem graduated from Hacettepe University Electrical and Electronic Engineering in 1997 and completed her master\u2019s degree in the same department. She started her career in defence industry in Turkey in 1997. She moved to the United Kingdom in 2002, where she worked in telecommunications for 12 years in Panasonic Mobile and BlackBerry and later in the smart energy industry for 7 years. She specialised in software design, system architecture and cyber security.<\/p>\n<p>Ozlem trained as Agile Scrum Product Owner in 2013 and led Agile transformation of her organisation. She is currently working as ACM\u2019s UK Business Partner, dedicating her focus to Agile methodologies as well as increasing ACM\u2019s presence in the UK market. \u00d6zlem is married and has a son.[\/vc_column_text][\/vc_column][\/vc_row]<\/p>\n","protected":false},"excerpt":{"rendered":"<p>[vc_row][vc_column width=&#8221;1\/4&#8243;][vc_single_image image=&#8221;65524&#8243; img_size=&#8221;large&#8221; alignment=&#8221;center&#8221; style=&#8221;vc_box_shadow_border_circle_2&#8243; lazy_loading=&#8221;true&#8221;][\/vc_column][vc_column width=&#8221;3\/4&#8243;][vc_custom_heading text=&#8221;\u00d6ZLEM \u00c7EL\u0130K&#8221; font_container=&#8221;tag:h1|text_align:left&#8221; use_theme_fonts=&#8221;yes&#8221;][vc_column_text] UK Business Partner PSM I, PSPO I \u00d6zlem graduated from Hacettepe University Electrical and Electronic Engineering in 1997 and completed her master\u2019s degree in the same department. She started her career in defence industry in Turkey in 1997. She moved to the United&hellip;<\/p>\n","protected":false},"author":9,"featured_media":65525,"parent":0,"menu_order":0,"comment_status":"closed","ping_status":"closed","template":"","meta":[],"_links":{"self":[{"href":"https:\/\/old.acmagile.com\/en\/wp-json\/wp\/v2\/pages\/65529"}],"collection":[{"href":"https:\/\/old.acmagile.com\/en\/wp-json\/wp\/v2\/pages"}],"about":[{"href":"https:\/\/old.acmagile.com\/en\/wp-json\/wp\/v2\/types\/page"}],"author":[{"embeddable":true,"href":"https:\/\/old.acmagile.com\/en\/wp-json\/wp\/v2\/users\/9"}],"replies":[{"embeddable":true,"href":"https:\/\/old.acmagile.com\/en\/wp-json\/wp\/v2\/comments?post=65529"}],"version-history":[{"count":2,"href":"https:\/\/old.acmagile.com\/en\/wp-json\/wp\/v2\/pages\/65529\/revisions"}],"predecessor-version":[{"id":65531,"href":"https:\/\/old.acmagile.com\/en\/wp-json\/wp\/v2\/pages\/65529\/revisions\/65531"}],"wp:featuredmedia":[{"embeddable":true,"href":"https:\/\/old.acmagile.com\/en\/wp-json\/wp\/v2\/media\/65525"}],"wp:attachment":[{"href":"https:\/\/old.acmagile.com\/en\/wp-json\/wp\/v2\/media?parent=65529"}],"curies":[{"name":"wp","href":"https:\/\/api.w.org\/{rel}","templated":true}]}}