{"id":65484,"date":"2021-03-10T16:02:39","date_gmt":"2021-03-10T16:02:39","guid":{"rendered":"https:\/\/www.acmagile.com\/agile-koc-yetkinlik-raporu\/"},"modified":"2021-03-16T12:17:24","modified_gmt":"2021-03-16T12:17:24","slug":"the-agile-coach-competencies-report","status":"publish","type":"page","link":"https:\/\/old.acmagile.com\/en\/the-agile-coach-competencies-report\/","title":{"rendered":"The Agile Coach Competencies Report"},"content":{"rendered":"<p>[vc_row full_width=&#8221;stretch_row&#8221; gap=&#8221;35&#8243; parallax=&#8221;content-moving&#8221; parallax_image=&#8221;65464&#8243; el_id=&#8221;Banner Alan\u0131&#8221; css=&#8221;.vc_custom_1615818475108{padding-top: 60px !important;padding-bottom: 60px !important;background-position: center;background-repeat: no-repeat !important;background-size: cover !important;}&#8221;][vc_column width=&#8221;1\/6&#8243;][\/vc_column][vc_column width=&#8221;2\/3&#8243;]<div id=\"ultimate-heading-99606a048427106d2\" class=\"uvc-heading ult-adjust-bottom-margin ultimate-heading-99606a048427106d2 uvc-3374  uvc-heading-default-font-sizes\" data-hspacer=\"no_spacer\"  data-halign=\"left\" style=\"text-align:left\"><div class=\"uvc-heading-spacer no_spacer\" style=\"top\"><\/div><div class=\"uvc-sub-heading ult-responsive\"  data-ultimate-target='.uvc-heading.ultimate-heading-99606a048427106d2 .uvc-sub-heading '  data-responsive-json-new='{\"font-size\":\"desktop:60px;mobile:45px;\",\"line-height\":\"desktop:72px;mobile:55px;\"}'  style=\"font-family:&#039;Quicksand&#039;;font-weight:700;color:#ffffff;margin-top:20px;margin-bottom:20px;\">The Agile Coach<br \/>\nCompetencies Report<\/div><\/div>[\/vc_column][vc_column width=&#8221;1\/6&#8243;][\/vc_column][\/vc_row][vc_row][vc_column width=&#8221;1\/6&#8243;][\/vc_column][vc_column width=&#8221;2\/3&#8243;]<div id=\"ultimate-heading-20126a04842710776\" class=\"uvc-heading ult-adjust-bottom-margin ultimate-heading-20126a04842710776 uvc-5031 \" data-hspacer=\"no_spacer\"  data-halign=\"left\" style=\"text-align:left\"><div class=\"uvc-heading-spacer no_spacer\" style=\"top\"><\/div><div class=\"uvc-main-heading ult-responsive\"  data-ultimate-target='.uvc-heading.ultimate-heading-20126a04842710776 h2'  data-responsive-json-new='{\"font-size\":\"desktop:24px;mobile:20px;\",\"line-height\":\"desktop:30px;mobile:26px;\"}' ><h2 style=\"font-family:&#039;Quicksand&#039;;font-weight:500;color:#4f4f4f;margin-bottom:30px;\">Agile Coaches, who have the biggest impact on all changes from the individual level to the organizational level, play a key role in the organizations\u2019 agile transformation journey.<\/h2><\/div><div class=\"uvc-sub-heading ult-responsive\"  data-ultimate-target='.uvc-heading.ultimate-heading-20126a04842710776 .uvc-sub-heading '  data-responsive-json-new='{\"font-size\":\"\",\"line-height\":\"\"}'  style=\"font-weight:normal;\">Hence, it is important for Agile Coaches to evaluate themselves and improve their competencies in their transformation journey.<\/div><\/div><div id=\"ultimate-heading-43416a04842710807\" class=\"uvc-heading ult-adjust-bottom-margin ultimate-heading-43416a04842710807 uvc-1801 \" data-hspacer=\"no_spacer\"  data-halign=\"left\" style=\"text-align:left\"><div class=\"uvc-heading-spacer no_spacer\" style=\"top\"><\/div><div class=\"uvc-sub-heading ult-responsive\"  data-ultimate-target='.uvc-heading.ultimate-heading-43416a04842710807 .uvc-sub-heading '  data-responsive-json-new='{\"font-size\":\"\",\"line-height\":\"\"}'  style=\"font-weight:normal;margin-top:20px;\">With this in mind, <a href=\"https:\/\/www.acmagile.com\/en\/deniz-uludag\/\">Deniz Uluda\u011f<\/a> and <a href=\"https:\/\/www.acmagile.com\/en\/baris-bal\/\">Bar\u0131\u015f Bal<\/a> decided to conduct this study in order to point out both the importance of the role and such negative aspects.<\/p>\n<p>Deniz Uluda\u011f and Bar\u0131\u015f Bal, from ACM Agile Consultants, developed a questionnaire based on \u201cThe Agile Coaching Growth Wheel\u201d which is developed by Shannon Carter; Rickard Jones; Martin Lambert; Stacey Louie; Tom Reynolds; Andre Rubin Santos; Kubair Shirazee; Rohit Ratan; John Barratt; Helen Meek, and Mark Summers.<\/p>\n<p>\u201cThe Agile Coach Competencies Report\u201d is created with participation of 95 Agile Coach in Turkey. The report reveals in which areas Agile Coaches from various industries and with different experiences need further improvement.<\/div><\/div>[\/vc_column][vc_column width=&#8221;1\/6&#8243;][\/vc_column][\/vc_row][vc_row full_width=&#8221;stretch_row&#8221; gap=&#8221;30&#8243; equal_height=&#8221;yes&#8221; content_placement=&#8221;top&#8221; css=&#8221;.vc_custom_1615825780247{padding-top: 110px !important;padding-bottom: 110px !important;background-image: url(https:\/\/www.acmagile.com\/wp-content\/uploads\/2021\/03\/agile-koc-yetkinlik-background-1-e1615540645249.jpg?id=65428) !important;background-position: center !important;background-repeat: no-repeat !important;background-size: cover !important;}&#8221;][vc_column width=&#8221;1\/2&#8243; css=&#8221;.vc_custom_1615825572381{border-top-width: 2px !important;border-right-width: 2px !important;border-bottom-width: 2px !important;border-left-width: 2px !important;background-color: #015657 !important;}&#8221;]<div id=\"ultimate-heading-9476a04842710837\" class=\"uvc-heading ult-adjust-bottom-margin ultimate-heading-9476a04842710837 uvc-1350 \" data-hspacer=\"no_spacer\"  data-halign=\"center\" style=\"text-align:center\"><div class=\"uvc-heading-spacer no_spacer\" style=\"top\"><\/div><div class=\"uvc-sub-heading ult-responsive\"  data-ultimate-target='.uvc-heading.ultimate-heading-9476a04842710837 .uvc-sub-heading '  data-responsive-json-new='{\"font-size\":\"\",\"line-height\":\"\"}'  style=\"font-weight:normal;color:#ffffff;\">To access \u201cThe Agile Coach Competencies Report\u201d including valuable insights:<\/div><\/div>[vc_empty_space]<div class=\" ubtn-ctn-center \"><a class=\"ubtn-link ult-adjust-bottom-margin ubtn-center ubtn-large \" href=\"https:\/\/www.acmagile.com\/wp-content\/uploads\/2021\/03\/The-Agile-Coach-Competencies-Report-1.pdf\" title=\"The Agile Coach Competencies Report\" ><button type=\"button\" id=\"ubtn-9080\"  class=\"ubtn ult-adjust-bottom-margin ult-responsive ubtn-large ubtn-fade-bg  ulta-hover  ubtn-sep-icon ubtn-sep-icon-at-left  ubtn-center   tooltip-6a04842710877\"  data-hover=\"rgba(255,255,255,0.85)\" data-border-color=\"\" data-bg=\"#ffffff\" data-hover-bg=\"#f7931e\" data-border-hover=\"\" data-shadow-hover=\"\" data-shadow-click=\"none\" data-shadow=\"\" data-shd-shadow=\"\"  data-ultimate-target='#ubtn-9080'  data-responsive-json-new='{\"font-size\":\"desktop:15px;\",\"line-height\":\"desktop:25px;\"}'  style=\"font-family:&#039;Quicksand&#039;;font-weight:700;border:none;background: #ffffff;color: #f7931e;\"><span class=\"ubtn-data ubtn-icon\"><i class=\"icomoon-the7-font-the7-arrow-29\" style=\"font-size:px;color:rgba(255,255,255,0.85);\"><\/i><\/span><span class=\"ubtn-hover\" style=\"background-color:#f7931e\"><\/span><span class=\"ubtn-data ubtn-text \" >The Agile Coach Competencies Report<\/span><\/button><\/a><\/div>[\/vc_column][vc_column width=&#8221;1\/2&#8243; css=&#8221;.vc_custom_1615825676681{border-top-width: 2px !important;border-right-width: 2px !important;border-bottom-width: 2px !important;border-left-width: 2px !important;background-color: #015657 !important;}&#8221;]<div id=\"ultimate-heading-53906a04842710920\" class=\"uvc-heading ult-adjust-bottom-margin ultimate-heading-53906a04842710920 uvc-5648 \" data-hspacer=\"no_spacer\"  data-halign=\"center\" style=\"text-align:center\"><div class=\"uvc-heading-spacer no_spacer\" style=\"top\"><\/div><div class=\"uvc-sub-heading ult-responsive\"  data-ultimate-target='.uvc-heading.ultimate-heading-53906a04842710920 .uvc-sub-heading '  data-responsive-json-new='{\"font-size\":\"\",\"line-height\":\"\"}'  style=\"font-weight:normal;color:#ffffff;\">To explore your areas of improvement in the Agile Coaching role by participating survey:<\/div><\/div>[vc_empty_space]<div class=\" ubtn-ctn-center \"><a class=\"ubtn-link ult-adjust-bottom-margin ubtn-center ubtn-large \" href=\"http:\/\/survey.acmagile.com\" target=\"_blank\" rel=\"noopener\" ><button type=\"button\" id=\"ubtn-4761\"  class=\"ubtn ult-adjust-bottom-margin ult-responsive ubtn-large ubtn-fade-bg  ulta-hover  ubtn-sep-icon ubtn-sep-icon-at-left  ubtn-center   tooltip-6a0484271094e\"  data-hover=\"rgba(255,255,255,0.85)\" data-border-color=\"\" data-bg=\"#ffffff\" data-hover-bg=\"#f7931e\" data-border-hover=\"\" data-shadow-hover=\"\" data-shadow-click=\"none\" data-shadow=\"\" data-shd-shadow=\"\"  data-ultimate-target='#ubtn-4761'  data-responsive-json-new='{\"font-size\":\"desktop:15px;\",\"line-height\":\"desktop:25px;\"}'  style=\"font-family:&#039;Quicksand&#039;;font-weight:700;border:none;background: #ffffff;color: #f7931e;\"><span class=\"ubtn-data ubtn-icon\"><i class=\"icomoon-the7-font-the7-arrow-29\" style=\"font-size:px;color:rgba(255,255,255,0.85);\"><\/i><\/span><span class=\"ubtn-hover\" style=\"background-color:#f7931e\"><\/span><span class=\"ubtn-data ubtn-text \" >EXPLORE<\/span><\/button><\/a><\/div>[\/vc_column][\/vc_row]<\/p>\n","protected":false},"excerpt":{"rendered":"<p>[vc_row full_width=&#8221;stretch_row&#8221; gap=&#8221;35&#8243; parallax=&#8221;content-moving&#8221; parallax_image=&#8221;65464&#8243; el_id=&#8221;Banner Alan\u0131&#8221; css=&#8221;.vc_custom_1615818475108{padding-top: 60px !important;padding-bottom: 60px !important;background-position: center;background-repeat: no-repeat !important;background-size: cover !important;}&#8221;][vc_column width=&#8221;1\/6&#8243;][\/vc_column][vc_column width=&#8221;2\/3&#8243;][\/vc_column][vc_column width=&#8221;1\/6&#8243;][\/vc_column][\/vc_row][vc_row][vc_column width=&#8221;1\/6&#8243;][\/vc_column][vc_column width=&#8221;2\/3&#8243;][\/vc_column][vc_column width=&#8221;1\/6&#8243;][\/vc_column][\/vc_row][vc_row full_width=&#8221;stretch_row&#8221; gap=&#8221;30&#8243; equal_height=&#8221;yes&#8221; content_placement=&#8221;top&#8221; css=&#8221;.vc_custom_1615825780247{padding-top: 110px !important;padding-bottom: 110px !important;background-image: url(https:\/\/www.acmagile.com\/wp-content\/uploads\/2021\/03\/agile-koc-yetkinlik-background-1-e1615540645249.jpg?id=65428) !important;background-position: center !important;background-repeat: no-repeat !important;background-size: cover !important;}&#8221;][vc_column width=&#8221;1\/2&#8243; css=&#8221;.vc_custom_1615825572381{border-top-width: 2px !important;border-right-width: 2px !important;border-bottom-width: 2px !important;border-left-width: 2px !important;background-color: #015657 !important;}&#8221;][vc_empty_space][\/vc_column][vc_column width=&#8221;1\/2&#8243; css=&#8221;.vc_custom_1615825676681{border-top-width: 2px&hellip;<\/p>\n","protected":false},"author":9,"featured_media":65486,"parent":0,"menu_order":0,"comment_status":"closed","ping_status":"closed","template":"","meta":[],"_links":{"self":[{"href":"https:\/\/old.acmagile.com\/en\/wp-json\/wp\/v2\/pages\/65484"}],"collection":[{"href":"https:\/\/old.acmagile.com\/en\/wp-json\/wp\/v2\/pages"}],"about":[{"href":"https:\/\/old.acmagile.com\/en\/wp-json\/wp\/v2\/types\/page"}],"author":[{"embeddable":true,"href":"https:\/\/old.acmagile.com\/en\/wp-json\/wp\/v2\/users\/9"}],"replies":[{"embeddable":true,"href":"https:\/\/old.acmagile.com\/en\/wp-json\/wp\/v2\/comments?post=65484"}],"version-history":[{"count":3,"href":"https:\/\/old.acmagile.com\/en\/wp-json\/wp\/v2\/pages\/65484\/revisions"}],"predecessor-version":[{"id":65492,"href":"https:\/\/old.acmagile.com\/en\/wp-json\/wp\/v2\/pages\/65484\/revisions\/65492"}],"wp:featuredmedia":[{"embeddable":true,"href":"https:\/\/old.acmagile.com\/en\/wp-json\/wp\/v2\/media\/65486"}],"wp:attachment":[{"href":"https:\/\/old.acmagile.com\/en\/wp-json\/wp\/v2\/media?parent=65484"}],"curies":[{"name":"wp","href":"https:\/\/api.w.org\/{rel}","templated":true}]}}