{"id":65385,"date":"2021-03-04T12:55:09","date_gmt":"2021-03-04T12:55:09","guid":{"rendered":"https:\/\/www.acmagile.com\/?page_id=65385"},"modified":"2021-03-04T12:57:17","modified_gmt":"2021-03-04T12:57:17","slug":"explicit-consent-confirmation-text","status":"publish","type":"page","link":"https:\/\/old.acmagile.com\/en\/explicit-consent-confirmation-text\/","title":{"rendered":"Explicit Consent Confirmation Text"},"content":{"rendered":"<p>[vc_row][vc_column]<div class=\"ult-spacer spacer-6a049214838b2\" data-id=\"6a049214838b2\" data-height=\"30\" data-height-mobile=\"30\" data-height-tab=\"30\" data-height-tab-portrait=\"\" data-height-mobile-landscape=\"\" style=\"clear:both;display:block;\"><\/div>[vc_column_text]With regard to my personal data that I share with ACM Agile Dan\u0131\u015fmanl\u0131k Anonim \u015eirketi (\u201c<strong>ACM<\/strong>\u201d); I hereby declare that I give my explicit consent to their processing by the Marketing Department of ACM for the purpose of conducing advertising\/campaign\/promotion processes and the disclosure of the personal data that I have transferred, to natural or legal persons abroad with whom ACM is in a contractual relationship, within the framework of conducting\/supervision of business activities.<\/p>\n<p><em>I have read the information disclosure text prepared by ACM. I was informed about the rights that I have pursuant to Article 11 of the Personal Data Protection Law No. 6698 (PDPL) and about the fact that I have the right to revoke at any time the permissions I have given with my explicit consent, and I understood that I have these rights.<\/em>[\/vc_column_text][\/vc_column][\/vc_row]<\/p>\n","protected":false},"excerpt":{"rendered":"<p>[vc_row][vc_column][vc_column_text]With regard to my personal data that I share with ACM Agile Dan\u0131\u015fmanl\u0131k Anonim \u015eirketi (\u201cACM\u201d); I hereby declare that I give my explicit consent to their processing by the Marketing Department of ACM for the purpose of conducing advertising\/campaign\/promotion processes and the disclosure of the personal data that I have transferred, to natural or&hellip;<\/p>\n","protected":false},"author":4,"featured_media":0,"parent":0,"menu_order":0,"comment_status":"closed","ping_status":"closed","template":"","meta":[],"_links":{"self":[{"href":"https:\/\/old.acmagile.com\/en\/wp-json\/wp\/v2\/pages\/65385"}],"collection":[{"href":"https:\/\/old.acmagile.com\/en\/wp-json\/wp\/v2\/pages"}],"about":[{"href":"https:\/\/old.acmagile.com\/en\/wp-json\/wp\/v2\/types\/page"}],"author":[{"embeddable":true,"href":"https:\/\/old.acmagile.com\/en\/wp-json\/wp\/v2\/users\/4"}],"replies":[{"embeddable":true,"href":"https:\/\/old.acmagile.com\/en\/wp-json\/wp\/v2\/comments?post=65385"}],"version-history":[{"count":2,"href":"https:\/\/old.acmagile.com\/en\/wp-json\/wp\/v2\/pages\/65385\/revisions"}],"predecessor-version":[{"id":65388,"href":"https:\/\/old.acmagile.com\/en\/wp-json\/wp\/v2\/pages\/65385\/revisions\/65388"}],"wp:attachment":[{"href":"https:\/\/old.acmagile.com\/en\/wp-json\/wp\/v2\/media?parent=65385"}],"curies":[{"name":"wp","href":"https:\/\/api.w.org\/{rel}","templated":true}]}}