{"id":64571,"date":"2021-01-04T15:08:52","date_gmt":"2021-01-04T15:08:52","guid":{"rendered":"https:\/\/www.acmagile.com\/melike-ak-sahin\/"},"modified":"2021-01-11T10:31:03","modified_gmt":"2021-01-11T10:31:03","slug":"melike-ak-sahin","status":"publish","type":"page","link":"https:\/\/old.acmagile.com\/en\/melike-ak-sahin\/","title":{"rendered":"Melike Ak \u015eahin"},"content":{"rendered":"<p>[vc_row][vc_column width=&#8221;1\/4&#8243;][vc_single_image image=&#8221;64492&#8243; img_size=&#8221;large&#8221; alignment=&#8221;center&#8221; style=&#8221;vc_box_shadow_border_circle_2&#8243; lazy_loading=&#8221;true&#8221;][\/vc_column][vc_column width=&#8221;3\/4&#8243;][vc_custom_heading text=&#8221;MEL\u0130KE AK \u015eAH\u0130N&#8221; font_container=&#8221;tag:h1|text_align:left&#8221; use_theme_fonts=&#8221;yes&#8221;][vc_column_text]<\/p>\n<h2>Agile Consultant<\/h2>\n<h4><em>PSM I, PSM II, PSPO I, PSPO II, PAL I, KMP I, TKP<\/em><\/h4>\n<p>Melike Ak \u015eahin has graduated from Bo\u011fazi\u00e7i University Industrial Engineering department in 2008. She has masters degree on MBA &#8211; Marketing Management at Yeditepe University. For 13+ years she has worked in different roles as Product Manager and Agile Coach at Avea, Turkcell, Vodafone, Garanti BBVA, Ko\u00e7 Holding.<\/p>\n<p>She has met with Agile concepts in her Vodafone career. She worked for scaling Agile approaches across Vodafone Turkey and Vodafone Group companies and pioneered for the first business tribe (Digital) roll out at Vodafone Turkey. She has launched Agile Studio at Garanti BBVA and undertaken the role as BBVA Turkey Agile Country Manager. She worked for crafting Agile way of working scaling strategy across Ko\u00e7 Group Companies and supported the companies for their transformation journey.<\/p>\n<p>She continues her career as Agile Consultant at ACM Agile since January 2021. In addition, she is volunteering as the product owner of Agile Turkey Community.[\/vc_column_text][\/vc_column][\/vc_row]<\/p>\n","protected":false},"excerpt":{"rendered":"<p>[vc_row][vc_column width=&#8221;1\/4&#8243;][vc_single_image image=&#8221;64492&#8243; img_size=&#8221;large&#8221; alignment=&#8221;center&#8221; style=&#8221;vc_box_shadow_border_circle_2&#8243; lazy_loading=&#8221;true&#8221;][\/vc_column][vc_column width=&#8221;3\/4&#8243;][vc_custom_heading text=&#8221;MEL\u0130KE AK \u015eAH\u0130N&#8221; font_container=&#8221;tag:h1|text_align:left&#8221; use_theme_fonts=&#8221;yes&#8221;][vc_column_text] Agile Consultant PSM I, PSM II, PSPO I, PSPO II, PAL I, KMP I, TKP Melike Ak \u015eahin has graduated from Bo\u011fazi\u00e7i University Industrial Engineering department in 2008. She has masters degree on MBA &#8211; Marketing Management at Yeditepe University. For 13+&hellip;<\/p>\n","protected":false},"author":9,"featured_media":0,"parent":0,"menu_order":0,"comment_status":"closed","ping_status":"closed","template":"","meta":[],"_links":{"self":[{"href":"https:\/\/old.acmagile.com\/en\/wp-json\/wp\/v2\/pages\/64571"}],"collection":[{"href":"https:\/\/old.acmagile.com\/en\/wp-json\/wp\/v2\/pages"}],"about":[{"href":"https:\/\/old.acmagile.com\/en\/wp-json\/wp\/v2\/types\/page"}],"author":[{"embeddable":true,"href":"https:\/\/old.acmagile.com\/en\/wp-json\/wp\/v2\/users\/9"}],"replies":[{"embeddable":true,"href":"https:\/\/old.acmagile.com\/en\/wp-json\/wp\/v2\/comments?post=64571"}],"version-history":[{"count":2,"href":"https:\/\/old.acmagile.com\/en\/wp-json\/wp\/v2\/pages\/64571\/revisions"}],"predecessor-version":[{"id":64573,"href":"https:\/\/old.acmagile.com\/en\/wp-json\/wp\/v2\/pages\/64571\/revisions\/64573"}],"wp:attachment":[{"href":"https:\/\/old.acmagile.com\/en\/wp-json\/wp\/v2\/media?parent=64571"}],"curies":[{"name":"wp","href":"https:\/\/api.w.org\/{rel}","templated":true}]}}