{"id":61438,"date":"2020-03-12T19:27:18","date_gmt":"2020-03-12T19:27:18","guid":{"rendered":"https:\/\/www.acmagile.com\/?page_id=61438"},"modified":"2020-03-12T19:27:18","modified_gmt":"2020-03-12T19:27:18","slug":"scrum-empowerment-program-2","status":"publish","type":"page","link":"https:\/\/old.acmagile.com\/en\/scrum-empowerment-program-2\/","title":{"rendered":"Scrum Master Empowerment Program"},"content":{"rendered":"<p>[vc_row][vc_column][rev_slider_vc alias=&#8221;scrum-master-yetkinlik-gelisim-programi&#8221;][\/vc_column][\/vc_row][vc_row][vc_column width=&#8221;1\/6&#8243;][\/vc_column][vc_column width=&#8221;2\/3&#8243;][vc_wp_text]<\/p>\n<p style=\"text-align: center;\"><a href=\"https:\/\/www.acmagile.com\/en\/product-owner-empowerment-program\/\">Product Owner Empowerment Program<\/a> \u00b7 <a href=\"https:\/\/www.acmagile.com\/en\/digital-product-owner-empowerment-program\/\">Digital Product Owner Empowerment Program<\/a><\/p>\n<p>[\/vc_wp_text][\/vc_column][vc_column width=&#8221;1\/6&#8243;][\/vc_column][\/vc_row][vc_row full_width=&#8221;stretch_row&#8221; bg_type=&#8221;bg_color&#8221; bg_color_value=&#8221;#727272&#8243;][vc_column width=&#8221;1\/6&#8243;][\/vc_column][vc_column width=&#8221;2\/3&#8243;][vc_custom_heading text=&#8221;SCRUM MASTER EMPOWERMENT PROGRAM&#8221; font_container=&#8221;tag:h1|font_size:40|text_align:center|color:%23ffffff&#8221; google_fonts=&#8221;font_family:Roboto%3A100%2C100italic%2C300%2C300italic%2Cregular%2Citalic%2C500%2C500italic%2C700%2C700italic%2C900%2C900italic|font_style:100%20light%20regular%3A100%3Anormal&#8221; css_animation=&#8221;zoomIn&#8221;][vc_column_text css_animation=&#8221;zoomIn&#8221;]<\/p>\n<p style=\"text-align: center;\"><span style=\"color: #ffffff;\">This practical training program, specially designed for Scrum Masters, Agile coaches, and Agile consultants, supports the competence development of the participants with the help of highly experienced experts in the sector and guides the participants to improve themselves.<\/span><\/p>\n<p>[\/vc_column_text][\/vc_column][vc_column width=&#8221;1\/6&#8243;][\/vc_column][\/vc_row][vc_row full_width=&#8221;stretch_row&#8221;][vc_column width=&#8221;1\/6&#8243;][\/vc_column][vc_column width=&#8221;2\/3&#8243;][vc_custom_heading text=&#8221;BENEFITS OF THE PROGRAM&#8221; font_container=&#8221;tag:h1|font_size:40|text_align:center|color:%23000000&#8243; google_fonts=&#8221;font_family:Roboto%3A100%2C100italic%2C300%2C300italic%2Cregular%2Citalic%2C500%2C500italic%2C700%2C700italic%2C900%2C900italic|font_style:100%20light%20regular%3A100%3Anormal&#8221; css_animation=&#8221;zoomIn&#8221;][vc_column_text css_animation=&#8221;zoomIn&#8221;]<\/p>\n<ul>\n<li>Unlike the other few-day trainings in the world, you will improve your leadership and coaching skills with a long-term, practical concentrated content,<\/li>\n<li>You will learn the essential conditions for achieving high value from Agile approaches,<\/li>\n<li>You will have the opportunity to share knowledge and experience with industry experts and other participants who are advancing in a similar path like yours,<\/li>\n<li>You will have the certificate of participation for the Scrum Master Empowerment Program,<\/li>\n<li>You will have career opportunities as a Scrum Master, Agile coach, or an Agile consultant.<\/li>\n<\/ul>\n<p>[\/vc_column_text][\/vc_column][vc_column width=&#8221;1\/6&#8243;][\/vc_column][\/vc_row][vc_row full_width=&#8221;stretch_row&#8221; bg_type=&#8221;image&#8221; parallax_style=&#8221;vcpb-default&#8221; bg_image_new=&#8221;id^57167|url^http:\/\/www.acmagile.com\/wp-content\/uploads\/2018\/12\/meeting-1.png|caption^null|alt^null|title^meeting (1)|description^null&#8221; bg_override=&#8221;full&#8221;][vc_column width=&#8221;1\/6&#8243;][\/vc_column][vc_column width=&#8221;2\/3&#8243;][vc_empty_space height=&#8221;38px&#8221;][vc_custom_heading text=&#8221;This program is implemented as a workshop in classes of minimum 10 participants, between 12:00 and 5:00 p.m. once or twice a month for 3-5 months and it is carried out by world-renowned professionals with high industrial experience.<br \/>\nIn order to be able to effectively benefit and graduate from this program, which has a concentrated content, the participants will have to conduct additional 15-20 hours monthly studies between the course sessions.&#8221; font_container=&#8221;tag:p|text_align:center|color:%23ffffff&#8221; google_fonts=&#8221;font_family:Roboto%3A100%2C100italic%2C300%2C300italic%2Cregular%2Citalic%2C500%2C500italic%2C700%2C700italic%2C900%2C900italic|font_style:500%20bold%20regular%3A500%3Anormal&#8221; css_animation=&#8221;zoomIn&#8221;][vc_empty_space height=&#8221;50px&#8221;][\/vc_column][vc_column width=&#8221;1\/6&#8243;][\/vc_column][\/vc_row][vc_row full_width=&#8221;stretch_row&#8221;][vc_column width=&#8221;1\/6&#8243;][\/vc_column][vc_column width=&#8221;2\/3&#8243;][vc_custom_heading text=&#8221;PROGRAM CONTENTS&#8221; font_container=&#8221;tag:h1|font_size:40|text_align:center|color:%23000000&#8243; google_fonts=&#8221;font_family:Roboto%3A100%2C100italic%2C300%2C300italic%2Cregular%2Citalic%2C500%2C500italic%2C700%2C700italic%2C900%2C900italic|font_style:100%20light%20regular%3A100%3Anormal&#8221; css_animation=&#8221;zoomIn&#8221;][vc_column_text css_animation=&#8221;zoomIn&#8221;]<\/p>\n<h3 style=\"text-align: center;\"><span style=\"color: #da50dd;\">1. Workshop<\/span><\/h3>\n<p style=\"text-align: center;\">Agile Foundations<\/p>\n<h3 style=\"text-align: center;\"><span style=\"color: #da50dd;\">2. Workshop<\/span><\/h3>\n<p style=\"text-align: center;\">Scrum Framework in Detail<\/p>\n<h3 style=\"text-align: center;\"><span style=\"color: #da50dd;\">3. Workshop<\/span><\/h3>\n<p style=\"text-align: center;\">Coaching, Supporting a Self-Organized Team<\/p>\n<h3 style=\"text-align: center;\"><span style=\"color: #da50dd;\">4. Workshop<\/span><\/h3>\n<p style=\"text-align: center;\">Facilitation Techniques &amp; Increasing Collaboration<\/p>\n<h3 style=\"text-align: center;\"><span style=\"color: #da50dd;\">5. Workshop<\/span><\/h3>\n<p style=\"text-align: center;\">Navigating Problems and Conflicts in a Creative Way and Emotional Intelligence Management<\/p>\n<p>[\/vc_column_text][\/vc_column][vc_column width=&#8221;1\/6&#8243;][\/vc_column][\/vc_row][vc_row][vc_column][vc_single_image image=&#8221;57076&#8243; img_size=&#8221;700&#215;168&#8243; alignment=&#8221;center&#8221;][\/vc_column][\/vc_row][vc_row full_width=&#8221;stretch_row&#8221;][vc_column width=&#8221;1\/6&#8243;][\/vc_column][vc_column width=&#8221;2\/3&#8243;][vc_empty_space height=&#8221;20px&#8221;][vc_custom_heading text=&#8221;CERTIFICATION&#8221; font_container=&#8221;tag:h1|font_size:40|text_align:center|color:%23000000&#8243; google_fonts=&#8221;font_family:Roboto%3A100%2C100italic%2C300%2C300italic%2Cregular%2Citalic%2C500%2C500italic%2C700%2C700italic%2C900%2C900italic|font_style:100%20light%20regular%3A100%3Anormal&#8221; css_animation=&#8221;zoomIn&#8221;][vc_column_text css_animation=&#8221;zoomIn&#8221;]In order to earn the participation certificate for the Scrum Master Empowerment Program, the program participants will have to:<\/p>\n<ul>\n<li>have 80% or more participation in workshops,<\/li>\n<li>complete all assignments and exercises successfully,<\/li>\n<li>achieve 70% or more success in the test exams to be conducted.<\/li>\n<\/ul>\n<p>[\/vc_column_text][\/vc_column][vc_column width=&#8221;1\/6&#8243;][\/vc_column][\/vc_row][vc_row][vc_column width=&#8221;1\/6&#8243;][\/vc_column][vc_column width=&#8221;2\/3&#8243;][vc_empty_space]<div id=\"modal-trg-txt-wrap-2620\" class=\"ult-modal-input-wrapper ult-adjust-bottom-margin    \" data-keypress-control=\"keypress-control-enable\" data-overlay-control=\"overlay-control-enable\"><style>\r\n\t\t\t\t\t.btn-modal.btn-id-6a04ab3aae74b3-14779996:hover {\r\n\t\t\t\t\t\tbackground-color: #5e5e5e !important;\r\n\t\t\t\t\t}\r\n\t\t\t\t\t<\/style><button  data-ultimate-target='#modal-trg-txt-wrap-2620 .btn-modal'  data-responsive-json-new='{\"font-size\":\"desktop:25px;\",\"line-height\":\"\"}'  style=\"background:#da50dd;border-color:#da50dd;color:#ffffff; font-family:&#039;Roboto&#039;;font-weight:100;\" data-class-id=\"content-6a04ab3aae74b3-14779996\" class=\"btn-modal ult-responsive btn-primary btn-modal-block overlay-show ult-align-center btn-id-6a04ab3aae74b3-14779996\" data-overlay-class=\"overlay-cornerbottomleft\">Biz Sizi Arayal\u0131m<\/button><\/div>\n<div class=\"ult-overlay content-6a04ab3aae74b3-14779996 \" data-class=\"content-6a04ab3aae74b3-14779996\" id=\"button-click-overlay\" style=\"background:rgba(51,51,51,0.8); display:none;\">\n\t<div class=\"ult_modal ult-fade ult-small\">\n\t\t<div id=\"ult-modal-wrap-5198\" class=\"ult_modal-content ult-hide\" style=\"border-style:solid;border-width:2px;border-radius:0px;border-color:#333333;\">\n\t\t\t<div  data-ultimate-target='#ult-modal-wrap-5198 .ult_modal-body'  data-responsive-json-new='{\"font-size\":\"\",\"line-height\":\"\"}'  class=\"ult_modal-body ult-responsive ult-html\" style=\"\">\n\t\t\t<div role=\"form\" class=\"wpcf7\" id=\"wpcf7-f52531-o1\" lang=\"en\" dir=\"ltr\">\n<div class=\"screen-reader-response\"><p role=\"status\" aria-live=\"polite\" aria-atomic=\"true\"><\/p> <ul><\/ul><\/div>\n<form action=\"\/en\/wp-json\/wp\/v2\/pages\/61438#wpcf7-f52531-o1\" method=\"post\" class=\"wpcf7-form init\" novalidate=\"novalidate\" data-status=\"init\">\n<div style=\"display: none;\">\n<input type=\"hidden\" name=\"_wpcf7\" value=\"52531\" \/>\n<input type=\"hidden\" name=\"_wpcf7_version\" value=\"5.5.6.1\" \/>\n<input type=\"hidden\" name=\"_wpcf7_locale\" value=\"en\" \/>\n<input type=\"hidden\" name=\"_wpcf7_unit_tag\" value=\"wpcf7-f52531-o1\" \/>\n<input type=\"hidden\" name=\"_wpcf7_container_post\" value=\"0\" \/>\n<input type=\"hidden\" name=\"_wpcf7_posted_data_hash\" value=\"\" \/>\n<input type=\"hidden\" name=\"_wpcf7dtx_version\" value=\"5.0.5\" \/>\n<input type=\"hidden\" name=\"_wpcf7_recaptcha_response\" value=\"\" \/>\n<\/div>\n<p><label> Ad \/ Soyad<br \/>\n    <span class=\"wpcf7-form-control-wrap ad-soyad\"><input type=\"text\" name=\"ad-soyad\" value=\"\" size=\"40\" class=\"wpcf7-form-control wpcf7-text wpcf7-validates-as-required\" aria-required=\"true\" aria-invalid=\"false\" \/><\/span> <\/label><\/p>\n<p><label> Email<br \/>\n    <span class=\"wpcf7-form-control-wrap email\"><input type=\"email\" name=\"email\" value=\"\" size=\"40\" class=\"wpcf7-form-control wpcf7-text wpcf7-email wpcf7-validates-as-required wpcf7-validates-as-email\" aria-required=\"true\" aria-invalid=\"false\" \/><\/span> <\/label><\/p>\n<p><label> Telefon<br \/>\n    <span class=\"wpcf7-form-control-wrap telefon\"><input type=\"text\" name=\"telefon\" value=\"\" size=\"40\" class=\"wpcf7-form-control wpcf7-text wpcf7-validates-as-required\" aria-required=\"true\" aria-invalid=\"false\" \/><\/span> <\/label><\/p>\n<p><label> \u015eirket<br \/>\n    <span class=\"wpcf7-form-control-wrap sirket\"><input type=\"text\" name=\"sirket\" value=\"\" size=\"40\" class=\"wpcf7-form-control wpcf7-text wpcf7-validates-as-required\" aria-required=\"true\" aria-invalid=\"false\" \/><\/span> <\/label><\/p>\n<p><label> Pozisyon<br \/>\n    <span class=\"wpcf7-form-control-wrap posisyon\"><input type=\"text\" name=\"posisyon\" value=\"\" size=\"40\" class=\"wpcf7-form-control wpcf7-text wpcf7-validates-as-required\" aria-required=\"true\" aria-invalid=\"false\" \/><\/span> <\/label><\/p>\n<p><label> Sizi ne harekete ge\u00e7irdi? L\u00fctfen size en uygun olan\u0131 se\u00e7in.<br \/>\n    <span class=\"wpcf7-form-control-wrap action-cause\"><select name=\"action-cause\" class=\"wpcf7-form-control wpcf7-select wpcf7-validates-as-required\" aria-required=\"true\" aria-invalid=\"false\"><option value=\"\">---<\/option><option value=\"ACM&#039;i Google reklamlar\u0131nda g\u00f6rd\u00fcm.\">ACM&#039;i Google reklamlar\u0131nda g\u00f6rd\u00fcm.<\/option><option value=\"ACM&#039;i YouTube reklamlar\u0131nda g\u00f6rd\u00fcm.\">ACM&#039;i YouTube reklamlar\u0131nda g\u00f6rd\u00fcm.<\/option><option value=\"G\u00f6nderdi\u011finiz duyuru emailini okudum.\">G\u00f6nderdi\u011finiz duyuru emailini okudum.<\/option><option value=\"Sosyal medya payla\u015f\u0131m\u0131n\u0131z\u0131 g\u00f6rd\u00fcm.\">Sosyal medya payla\u015f\u0131m\u0131n\u0131z\u0131 g\u00f6rd\u00fcm.<\/option><option value=\"Google&#039;da arama yaparken kar\u015f\u0131la\u015ft\u0131m.\">Google&#039;da arama yaparken kar\u015f\u0131la\u015ft\u0131m.<\/option><option value=\"ACM&#039;i Harvard Business Review T\u00fcrkiye&#039;de g\u00f6rm\u00fc\u015ft\u00fcm.\">ACM&#039;i Harvard Business Review T\u00fcrkiye&#039;de g\u00f6rm\u00fc\u015ft\u00fcm.<\/option><option value=\"Daha \u00f6nce e\u011fitim alm\u0131\u015ft\u0131m.\">Daha \u00f6nce e\u011fitim alm\u0131\u015ft\u0131m.<\/option><option value=\"ACM&#039;i arkada\u015f\u0131m tavsiye etti.\">ACM&#039;i arkada\u015f\u0131m tavsiye etti.<\/option><option value=\"Di\u011fer\">Di\u011fer<\/option><\/select><\/span><\/label><\/p>\n<p><label> Mesaj\u0131n\u0131z<br \/>\n    <span class=\"wpcf7-form-control-wrap mesajiniz\"><textarea name=\"mesajiniz\" cols=\"40\" rows=\"10\" class=\"wpcf7-form-control wpcf7-textarea wpcf7-validates-as-required\" aria-required=\"true\" aria-invalid=\"false\"><\/textarea><\/span> <\/label><\/p>\n<input type=\"hidden\" name=\"acm-course\" value=\"\" class=\"wpcf7-form-control wpcf7-hidden\" \/>\n<p><a href=\"https:\/\/www.acmagile.com\/kisisel-verilerin-islenmesi-hakkinda-bilgilendirme-metni\/\" target=\"_blank\">KVKK ayd\u0131nlatma metnini okudum, onayl\u0131yorum.<\/a><span class=\"wpcf7-form-control-wrap accept-kisisel-veri\"><span class=\"wpcf7-form-control wpcf7-acceptance optional\"><span class=\"wpcf7-list-item\"><input type=\"checkbox\" name=\"accept-kisisel-veri\" value=\"1\" aria-invalid=\"false\" checked=\"checked\" \/><\/span><\/span><\/span> <\/p>\n<p><a href=\"https:\/\/www.acmagile.com\/ticari-elektronik-ileti-onay-metni\/\" target=\"_blank\">Ticari elektronik ileti metnini okudum, onayl\u0131yorum.<\/a><span class=\"wpcf7-form-control-wrap accept-ticari\"><span class=\"wpcf7-form-control wpcf7-acceptance optional\"><span class=\"wpcf7-list-item\"><input type=\"checkbox\" name=\"accept-ticari\" value=\"1\" aria-invalid=\"false\" checked=\"checked\" \/><\/span><\/span><\/span> <\/p>\n<p><input type=\"submit\" value=\"G\u00f6nder\" class=\"wpcf7-form-control has-spinner wpcf7-submit\" \/><\/p>\n<p><input type=\"hidden\" name=\"cf7rfr_referrer-357\" value=\"\" class=\"wpcf7-form-control cf7-rfr wpcf7-cf7rfr_referrer\" \/><\/p>\n<input type='hidden' class='wpcf7-pum' value='{\"closepopup\":false,\"closedelay\":0,\"openpopup\":true,\"openpopup_id\":0}' \/><div class=\"wpcf7-response-output\" aria-hidden=\"true\"><\/div><\/form><\/div>\n\t\t\t<\/div>\n\t<\/div>\n\t<\/div>\n\t<div class=\"ult-overlay-close top-right\" style=\"width:80px;height:80px; \"><div class=\"ult-overlay-close-inside\">Close<\/div><\/div>\n<\/div>[\/vc_column][vc_column width=&#8221;1\/6&#8243;][\/vc_column][\/vc_row][vc_row][vc_column][vc_column_text][\/vc_column_text][\/vc_column][\/vc_row]<\/p>\n","protected":false},"excerpt":{"rendered":"<p>[vc_row][vc_column][rev_slider_vc alias=&#8221;scrum-master-yetkinlik-gelisim-programi&#8221;][\/vc_column][\/vc_row][vc_row][vc_column width=&#8221;1\/6&#8243;][\/vc_column][vc_column width=&#8221;2\/3&#8243;][vc_wp_text] Product Owner Empowerment Program \u00b7 Digital Product Owner Empowerment Program [\/vc_wp_text][\/vc_column][vc_column width=&#8221;1\/6&#8243;][\/vc_column][\/vc_row][vc_row full_width=&#8221;stretch_row&#8221; bg_type=&#8221;bg_color&#8221; bg_color_value=&#8221;#727272&#8243;][vc_column width=&#8221;1\/6&#8243;][\/vc_column][vc_column width=&#8221;2\/3&#8243;][vc_custom_heading text=&#8221;SCRUM MASTER EMPOWERMENT PROGRAM&#8221; font_container=&#8221;tag:h1|font_size:40|text_align:center|color:%23ffffff&#8221; google_fonts=&#8221;font_family:Roboto%3A100%2C100italic%2C300%2C300italic%2Cregular%2Citalic%2C500%2C500italic%2C700%2C700italic%2C900%2C900italic|font_style:100%20light%20regular%3A100%3Anormal&#8221; css_animation=&#8221;zoomIn&#8221;][vc_column_text css_animation=&#8221;zoomIn&#8221;] This practical training program, specially designed for Scrum Masters, Agile coaches, and Agile consultants, supports the competence development of the participants with the help of highly&hellip;<\/p>\n","protected":false},"author":9,"featured_media":0,"parent":0,"menu_order":0,"comment_status":"closed","ping_status":"closed","template":"","meta":[],"_links":{"self":[{"href":"https:\/\/old.acmagile.com\/en\/wp-json\/wp\/v2\/pages\/61438"}],"collection":[{"href":"https:\/\/old.acmagile.com\/en\/wp-json\/wp\/v2\/pages"}],"about":[{"href":"https:\/\/old.acmagile.com\/en\/wp-json\/wp\/v2\/types\/page"}],"author":[{"embeddable":true,"href":"https:\/\/old.acmagile.com\/en\/wp-json\/wp\/v2\/users\/9"}],"replies":[{"embeddable":true,"href":"https:\/\/old.acmagile.com\/en\/wp-json\/wp\/v2\/comments?post=61438"}],"version-history":[{"count":0,"href":"https:\/\/old.acmagile.com\/en\/wp-json\/wp\/v2\/pages\/61438\/revisions"}],"wp:attachment":[{"href":"https:\/\/old.acmagile.com\/en\/wp-json\/wp\/v2\/media?parent=61438"}],"curies":[{"name":"wp","href":"https:\/\/api.w.org\/{rel}","templated":true}]}}