{"id":61392,"date":"2020-03-04T08:17:23","date_gmt":"2020-03-04T08:17:23","guid":{"rendered":"https:\/\/www.acmagile.com\/?page_id=61392"},"modified":"2020-04-09T15:19:07","modified_gmt":"2020-04-09T15:19:07","slug":"liberating-structures-in-agile-strategy-knotworking","status":"publish","type":"page","link":"https:\/\/old.acmagile.com\/en\/liberating-structures-in-agile-strategy-knotworking\/","title":{"rendered":"Liberating Structures in Agile &#038; Strategy Knotworking"},"content":{"rendered":"<p>[vc_section][vc_row content_placement=&#8221;middle&#8221;][vc_column width=&#8221;1\/3&#8243;][vc_single_image image=&#8221;61395&#8243; img_size=&#8221;200&#215;200&#8243; alignment=&#8221;center&#8221;][vc_row_inner content_placement=&#8221;middle&#8221; disable_element=&#8221;yes&#8221; css=&#8221;.vc_custom_1582272241019{margin-top: 20px !important;margin-right: 20px !important;margin-bottom: 20px !important;margin-left: 20px !important;padding-top: 10px !important;padding-right: 10px !important;padding-bottom: 10px !important;padding-left: 10px !important;background-color: #f7931e !important;}&#8221;][vc_column_inner]<div id=\"ultimate-heading-612069ece641a22cf\" class=\"uvc-heading ult-adjust-bottom-margin ultimate-heading-612069ece641a22cf uvc-4607 \" data-hspacer=\"line_only\"  data-halign=\"center\" style=\"text-align:center\"><div class=\"uvc-main-heading ult-responsive\"  data-ultimate-target='.uvc-heading.ultimate-heading-612069ece641a22cf h2'  data-responsive-json-new='{\"font-size\":\"desktop:21px;\",\"line-height\":\"desktop:22px;\"}' ><h2 style=\"font-family:&#039;Open Sans&#039;;font-weight:300;color:#ffffff;\">20-21 April<\/h2><\/div><div class=\"uvc-heading-spacer line_only\" style=\"margin-top:10px;margin-bottom:10px;height:1px;\"><span class=\"uvc-headings-line\" style=\"border-style:dotted;border-bottom-width:1px;border-color:#ffffff;width:autopx;\"><\/span><\/div><div class=\"uvc-sub-heading ult-responsive\"  data-ultimate-target='.uvc-heading.ultimate-heading-612069ece641a22cf .uvc-sub-heading '  data-responsive-json-new='{\"font-size\":\"desktop:18px;\",\"line-height\":\"desktop:15px;\"}'  style=\"font-family:&#039;Open Sans&#039;;font-weight:300;color:#ffffff;\">Point Hotel, \u0130stanbul<\/div><\/div>[\/vc_column_inner][\/vc_row_inner][\/vc_column][vc_column width=&#8221;2\/3&#8243;][\/vc_column][\/vc_row][\/vc_section][vc_row full_width=&#8221;stretch_row&#8221; equal_height=&#8221;yes&#8221; bg_type=&#8221;bg_color&#8221; css=&#8221;.vc_custom_1579879220422{padding-top: 40px !important;}&#8221; bg_color_value=&#8221;#ffffff&#8221; el_id=&#8221;E\u011e\u0130T\u0130M \u0130\u00c7ER\u0130\u011e\u0130&#8221;][vc_column][vc_custom_heading text=&#8221;Content of The Training&#8221; font_container=&#8221;tag:h2|font_size:34px|text_align:left|color:%23333333|line_height:44px&#8221; google_fonts=&#8221;font_family:Roboto%3A100%2C100italic%2C300%2C300italic%2Cregular%2Citalic%2C500%2C500italic%2C700%2C700italic%2C900%2C900italic|font_style:700%20bold%20regular%3A700%3Anormal&#8221;]<div class=\"standard-arrow bullet-top\"><h3>Day 1 Agenda<\/h3>\n<ul>\n<li>Quick Refresher on Liberating Structures<\/li>\n<li>How Agile Teams can be formed by using Liberating Structures<\/li>\n<li>How Agile Teams can use LS in their events like Retrospectives, Reviews<\/li>\n<li>How Agile Teams can co-create ideas with their stakeholders<\/li>\n<\/ul>\n<h3>\n<div class=\"hr-thin\"><\/div>\n<\/h3>\n<h3>Day 2 Agenda<\/h3>\n<ul>\n<li>What is Strategy Knotworking<\/li>\n<li>Strategy Knotworking in Action<\/li>\n<\/ul>\n<p style=\"padding-left: 80px;\">&#8211; Purpose<\/p>\n<p style=\"padding-left: 80px;\">&#8211; Context<\/p>\n<p style=\"padding-left: 80px;\">&#8211; Challenge<\/p>\n<p style=\"padding-left: 80px;\">&#8211; Baseline<\/p>\n<p style=\"padding-left: 80px;\">&#8211; Ambition<\/p>\n<p style=\"padding-left: 80px;\">&#8211; Action &amp; Evaluation<\/p>\n<p><strong>Related Links:<\/strong><br \/>\n<a href=\"https:\/\/www.liberatingstructures.de\/wpcontent\/uploads\/2019\/01\/Liberating-Strategy.pdf\" target=\"_blank\" rel=\"noopener noreferrer\">https:\/\/www.liberatingstructures.de\/wpcontent\/uploads\/2019\/01\/Liberating-Strategy.pdf<\/a><\/p>\n<p><a href=\"https:\/\/medium.com\/@keithmccandless\/liberating-strategy-6fda41f6c1\" target=\"_blank\" rel=\"noopener noreferrer\">https:\/\/medium.com\/@keithmccandless\/liberating-strategy-6fda41f6c1<\/a><\/p>\n<p><a href=\"https:\/\/medium.com\/the-liberators\/strategy-knotworking-turning-ideas-and-ambitions-into-reality-d7f968e79195\" target=\"_blank\" rel=\"noopener noreferrer\">https:\/\/medium.com\/the-liberators\/strategy-knotworking-turning-ideas-and-ambitions-into-reality-d7f968e79195<\/a><\/p>\n<p>Agile Teams &amp; Liberating Structures and Strategy Knotworking will be facilitated via AcmAgile consultants. AT\u00d6LYE &amp; IDEO Munich will be facilitating LS Immersion Workshop and deep dive in topics of design thinking, organizational behaviour and change, learning experience design and facilitation on other days of workshops. You can access details <a href=\"https:\/\/kommunity.com\/atolye-akademi\/events\/liberating-structures\" target=\"_blank\" rel=\"noopener noreferrer\">here<\/a>.<\/p>\n<\/div>[vc_video link=&#8221;&#8221;][vc_custom_heading text=&#8221;What will you gain?&#8221; font_container=&#8221;tag:h2|font_size:34px|text_align:left|color:%23333333|line_height:44px&#8221; google_fonts=&#8221;font_family:Roboto%3A100%2C100italic%2C300%2C300italic%2Cregular%2Citalic%2C500%2C500italic%2C700%2C700italic%2C900%2C900italic|font_style:700%20bold%20regular%3A700%3Anormal&#8221;]<div class=\"standard-arrow bullet-top\"><ul>\n<li>\u00a0You will be able to use around 15-20 different Liberating Structures tools whenever you want according to your needs.<\/li>\n<li>You will be able to manage processes with small and large groups through practical tools that will enable each individual to bring out their creative potential.<\/li>\n<li>You will understand the nature of changing strategies and practices.<\/li>\n<li>You will begin to realise that simple changes to structures that underlie interactions between people can bring about different results and solutions.<\/li>\n<li>You will comprehend the methods in which group dynamics change as you see the interactions within a community becoming easier.<\/li>\n<li>You will experience working together with dynamic people in a serious, fun and curious environment.<\/li>\n<li>You will embrace stepping out of your comfort zone, being flexible and experiential learning.<\/li>\n<li>You will develop your awareness as a participant through deepening your knowledge of \u201cpractical participation\u201d.<\/li>\n<\/ul>\n<\/div>[vc_custom_heading text=&#8221;Who can attend?&#8221; font_container=&#8221;tag:h2|font_size:34px|text_align:left|color:%23333333|line_height:44px&#8221; google_fonts=&#8221;font_family:Roboto%3A100%2C100italic%2C300%2C300italic%2Cregular%2Citalic%2C500%2C500italic%2C700%2C700italic%2C900%2C900italic|font_style:700%20bold%20regular%3A700%3Anormal&#8221;]<div class=\"standard-arrow bullet-top\"><ul>\n<li>Anyone- who wants to ensure that their collaboration processes are more participative, creative and productive.<\/li>\n<li>Individuals who would like to create change and impact within their communities through developing their individual, associational and systematic skills.<\/li>\n<li>Trainers, coaches and facilitators that would like to enrich their tool boxes through Liberating Structures.<\/li>\n<li>Designers who would like to increase participation amongst groups throughout the research and prototyping processes.<\/li>\n<li>Agile and Lean thinking Practitioners who would like to increase associational coordination and productivity with the teams they are working with.<\/li>\n<\/ul>\n<p><strong>Note:<\/strong><br \/>\nThe Program will be held in English.<\/p>\n<\/div>[\/vc_column][\/vc_row][vc_row full_width=&#8221;stretch_row_content_no_spaces&#8221; bg_type=&#8221;image&#8221; parallax_style=&#8221;vcpb-default&#8221; bg_image_new=&#8221;id^61166|url^https:\/\/www.acmagile.com\/wp-content\/uploads\/2020\/02\/acm-register-EN.jpg|caption^null|alt^null|title^acm-register-EN|description^null&#8221; bg_image_repeat=&#8221;no-repeat&#8221; enable_overlay=&#8221;enable_overlay_value&#8221; overlay_color=&#8221;rgba(0,0,0,0.2)&#8221; css=&#8221;.vc_custom_1581070550083{background-position: center !important;background-repeat: no-repeat !important;background-size: cover !important;}&#8221; el_id=&#8221;REGISTER&#8221;][vc_column width=&#8221;1\/2&#8243; css=&#8221;.vc_custom_1579442750805{background-position: center !important;background-repeat: no-repeat !important;background-size: cover !important;}&#8221;][\/vc_column][vc_column width=&#8221;1\/2&#8243; css=&#8221;.vc_custom_1579443472319{padding-top: 0px !important;padding-right: 50px !important;padding-bottom: 0px !important;padding-left: 40px !important;background-color: rgba(0,0,0,0.44) !important;background-position: center !important;background-repeat: no-repeat !important;background-size: cover !important;*background-color: rgb(0,0,0) !important;}&#8221;]<div id=\"ultimate-heading-847569ece641a254a\" class=\"uvc-heading ult-adjust-bottom-margin ultimate-heading-847569ece641a254a uvc-5225 \" data-hspacer=\"no_spacer\"  data-halign=\"left\" style=\"text-align:left\"><div class=\"uvc-heading-spacer no_spacer\" style=\"top\"><\/div><div class=\"uvc-main-heading ult-responsive\"  data-ultimate-target='.uvc-heading.ultimate-heading-847569ece641a254a h2'  data-responsive-json-new='{\"font-size\":\"desktop:30px;\",\"line-height\":\"desktop:40px;\"}' ><h2 style=\"--font-weight:theme;color:#ffffff;margin-top:50px;margin-bottom:20px;\">Register<\/h2><\/div><div class=\"uvc-sub-heading ult-responsive\"  data-ultimate-target='.uvc-heading.ultimate-heading-847569ece641a254a .uvc-sub-heading '  data-responsive-json-new='{\"font-size\":\"desktop:15px;\",\"line-height\":\"desktop:25px;\"}'  style=\"font-weight:normal;color:#ffffff;margin-bottom:50px;\">Fill out your info and one of our colleagues will get back in touch with you soon!<\/div><\/div><div class=\" ubtn-ctn-left \"><a class=\"ubtn-link ult-adjust-bottom-margin ubtn-left ubtn-block \" href=\"https:\/\/www.acmagile.com\/en\/register\/\" ><button type=\"button\" id=\"ubtn-9873\"  class=\"ubtn ult-adjust-bottom-margin ult-responsive ubtn-block ubtn-no-hover-bg  none  ubtn-left   tooltip-69ece641a2594 ubtn-block\"  data-hover=\"\" data-border-color=\"\" data-bg=\"#f7931e\" data-hover-bg=\"\" data-border-hover=\"\" data-shadow-hover=\"\" data-shadow-click=\"none\" data-shadow=\"\" data-shd-shadow=\"\"  data-ultimate-target='#ubtn-9873'  data-responsive-json-new='{\"font-size\":\"desktop:15px;\",\"line-height\":\"desktop:25px;\"}'  style=\"font-family:&#039;Roboto&#039;;font-weight:500;border:none;background: #f7931e;color: #ffffff;\"><span class=\"ubtn-hover\" style=\"background-color:\"><\/span><span class=\"ubtn-data ubtn-text \" >Ok, I want to register.<\/span><\/button><\/a><\/div>[vc_empty_space height=&#8221;50px&#8221;][\/vc_column][\/vc_row][vc_row][vc_column][vc_empty_space][\/vc_column][\/vc_row][vc_row disable_element=&#8221;yes&#8221;][vc_column]<div class=\"mec-wrap mec-skin-slider-container \" id=\"mec_skin_60872\">\r\n\r\n        <div class=\"mec-skin-slider-events-container\" id=\"mec_skin_events_60872\">\r\n        No event found!    <\/div>\r\n    \r\n<\/div>[\/vc_column][\/vc_row]<\/p>\n","protected":false},"excerpt":{"rendered":"<p>[vc_section][vc_row content_placement=&#8221;middle&#8221;][vc_column width=&#8221;1\/3&#8243;][vc_single_image image=&#8221;61395&#8243; img_size=&#8221;200&#215;200&#8243; alignment=&#8221;center&#8221;][vc_row_inner content_placement=&#8221;middle&#8221; disable_element=&#8221;yes&#8221; css=&#8221;.vc_custom_1582272241019{margin-top: 20px !important;margin-right: 20px !important;margin-bottom: 20px !important;margin-left: 20px !important;padding-top: 10px !important;padding-right: 10px !important;padding-bottom: 10px !important;padding-left: 10px !important;background-color: #f7931e !important;}&#8221;][vc_column_inner][\/vc_column_inner][\/vc_row_inner][\/vc_column][vc_column width=&#8221;2\/3&#8243;][\/vc_column][\/vc_row][\/vc_section][vc_row full_width=&#8221;stretch_row&#8221; equal_height=&#8221;yes&#8221; bg_type=&#8221;bg_color&#8221; css=&#8221;.vc_custom_1579879220422{padding-top: 40px !important;}&#8221; bg_color_value=&#8221;#ffffff&#8221; el_id=&#8221;E\u011e\u0130T\u0130M \u0130\u00c7ER\u0130\u011e\u0130&#8221;][vc_column][vc_custom_heading text=&#8221;Content of The Training&#8221; font_container=&#8221;tag:h2|font_size:34px|text_align:left|color:%23333333|line_height:44px&#8221; google_fonts=&#8221;font_family:Roboto%3A100%2C100italic%2C300%2C300italic%2Cregular%2Citalic%2C500%2C500italic%2C700%2C700italic%2C900%2C900italic|font_style:700%20bold%20regular%3A700%3Anormal&#8221;][vc_video link=&#8221;&#8221;][vc_custom_heading text=&#8221;What will you gain?&#8221; font_container=&#8221;tag:h2|font_size:34px|text_align:left|color:%23333333|line_height:44px&#8221; google_fonts=&#8221;font_family:Roboto%3A100%2C100italic%2C300%2C300italic%2Cregular%2Citalic%2C500%2C500italic%2C700%2C700italic%2C900%2C900italic|font_style:700%20bold%20regular%3A700%3Anormal&#8221;][vc_custom_heading text=&#8221;Who can attend?&#8221; font_container=&#8221;tag:h2|font_size:34px|text_align:left|color:%23333333|line_height:44px&#8221; google_fonts=&#8221;font_family:Roboto%3A100%2C100italic%2C300%2C300italic%2Cregular%2Citalic%2C500%2C500italic%2C700%2C700italic%2C900%2C900italic|font_style:700%20bold%20regular%3A700%3Anormal&#8221;][\/vc_column][\/vc_row][vc_row&hellip;<\/p>\n","protected":false},"author":9,"featured_media":0,"parent":0,"menu_order":0,"comment_status":"closed","ping_status":"closed","template":"","meta":[],"_links":{"self":[{"href":"https:\/\/old.acmagile.com\/en\/wp-json\/wp\/v2\/pages\/61392"}],"collection":[{"href":"https:\/\/old.acmagile.com\/en\/wp-json\/wp\/v2\/pages"}],"about":[{"href":"https:\/\/old.acmagile.com\/en\/wp-json\/wp\/v2\/types\/page"}],"author":[{"embeddable":true,"href":"https:\/\/old.acmagile.com\/en\/wp-json\/wp\/v2\/users\/9"}],"replies":[{"embeddable":true,"href":"https:\/\/old.acmagile.com\/en\/wp-json\/wp\/v2\/comments?post=61392"}],"version-history":[{"count":0,"href":"https:\/\/old.acmagile.com\/en\/wp-json\/wp\/v2\/pages\/61392\/revisions"}],"wp:attachment":[{"href":"https:\/\/old.acmagile.com\/en\/wp-json\/wp\/v2\/media?parent=61392"}],"curies":[{"name":"wp","href":"https:\/\/api.w.org\/{rel}","templated":true}]}}