{"id":61120,"date":"2020-02-07T09:41:33","date_gmt":"2020-02-07T09:41:33","guid":{"rendered":"https:\/\/www.acmagile.com\/?page_id=61120"},"modified":"2020-03-04T11:54:59","modified_gmt":"2020-03-04T11:54:59","slug":"liberating-structures-immersion-workshop","status":"publish","type":"page","link":"https:\/\/old.acmagile.com\/en\/liberating-structures-immersion-workshop\/","title":{"rendered":"Liberating Structures Immersion Workshop"},"content":{"rendered":"<p>[vc_section css=&#8221;.vc_custom_1579875597075{background-color: #f2f2f2 !important;}&#8221;][vc_row content_placement=&#8221;middle&#8221; bg_type=&#8221;bg_color&#8221; bg_color_value=&#8221;#f2f2f2&#8243; css=&#8221;.vc_custom_1580488761307{background-color: #f2f2f2 !important;}&#8221;][vc_column width=&#8221;1\/3&#8243;][vc_single_image image=&#8221;61158&#8243; img_size=&#8221;200&#215;200&#8243; alignment=&#8221;center&#8221;][vc_row_inner content_placement=&#8221;middle&#8221; disable_element=&#8221;yes&#8221; css=&#8221;.vc_custom_1582272241019{margin-top: 20px !important;margin-right: 20px !important;margin-bottom: 20px !important;margin-left: 20px !important;padding-top: 10px !important;padding-right: 10px !important;padding-bottom: 10px !important;padding-left: 10px !important;background-color: #f7931e !important;}&#8221;][vc_column_inner]<div id=\"ultimate-heading-99066a04aaf4cd9cb\" class=\"uvc-heading ult-adjust-bottom-margin ultimate-heading-99066a04aaf4cd9cb uvc-9535 \" data-hspacer=\"line_only\"  data-halign=\"center\" style=\"text-align:center\"><div class=\"uvc-main-heading ult-responsive\"  data-ultimate-target='.uvc-heading.ultimate-heading-99066a04aaf4cd9cb h2'  data-responsive-json-new='{\"font-size\":\"desktop:21px;\",\"line-height\":\"desktop:22px;\"}' ><h2 style=\"font-family:&#039;Open Sans&#039;;font-weight:300;color:#ffffff;\">20-21 April<\/h2><\/div><div class=\"uvc-heading-spacer line_only\" style=\"margin-top:10px;margin-bottom:10px;height:1px;\"><span class=\"uvc-headings-line\" style=\"border-style:dotted;border-bottom-width:1px;border-color:#ffffff;width:autopx;\"><\/span><\/div><div class=\"uvc-sub-heading ult-responsive\"  data-ultimate-target='.uvc-heading.ultimate-heading-99066a04aaf4cd9cb .uvc-sub-heading '  data-responsive-json-new='{\"font-size\":\"desktop:18px;\",\"line-height\":\"desktop:15px;\"}'  style=\"font-family:&#039;Open Sans&#039;;font-weight:300;color:#ffffff;\">Point Hotel, \u0130stanbul<\/div><\/div>[\/vc_column_inner][\/vc_row_inner][\/vc_column][vc_column width=&#8221;2\/3&#8243;][vc_column_text]Unleash creativity, innovation and meaningful interactions using Liberating Structures. Liberating Structures are a collection of interaction patterns that allow you unleash and involve everyone in a group. Together, you can work at the top of your intelligence, include introverted and extroverted participants, unleash big and small groups and innovate with leaders and followers.<\/p>\n<p>Join us for an intense, fun and fast-paced immersion workshop to experience Liberating Structures from first hand. During two days, you will experience about 20 structures and get inspired to use them in your own working environment.<br \/>\n[\/vc_column_text][\/vc_column][\/vc_row][\/vc_section][vc_row full_width=&#8221;stretch_row&#8221; equal_height=&#8221;yes&#8221; bg_type=&#8221;bg_color&#8221; css=&#8221;.vc_custom_1579879220422{padding-top: 40px !important;}&#8221; bg_color_value=&#8221;#ffffff&#8221; el_id=&#8221;E\u011e\u0130T\u0130M \u0130\u00c7ER\u0130\u011e\u0130&#8221;][vc_column][vc_custom_heading text=&#8221;Benefits of the Training&#8221; font_container=&#8221;tag:h2|font_size:34px|text_align:left|color:%23333333|line_height:44px&#8221; google_fonts=&#8221;font_family:Roboto%3A100%2C100italic%2C300%2C300italic%2Cregular%2Citalic%2C500%2C500italic%2C700%2C700italic%2C900%2C900italic|font_style:700%20bold%20regular%3A700%3Anormal&#8221;]<div class=\"standard-arrow bullet-top\"><ul>\n<li>You learn a set of simple rules that unleash innovation in groups of any size<\/li>\n<li>You will experience 20+ structures to let people interact meaningfully<\/li>\n<li>You will interact with 50+ peers and help each other to get started with Liberating Structures<\/li>\n<li>Liberating Structures are useful in almost any meeting, including Scrum events<\/li>\n<li>Everyone can learn and use Liberating Structures<\/li>\n<li>You will be overwhelmed, inspired, have fun and meet new friends!<\/li>\n<\/ul>\n<\/div>[vc_video link=&#8221;&#8221;][vc_custom_heading text=&#8221;Content of the Training&#8221; font_container=&#8221;tag:h2|font_size:34px|text_align:left|color:%23333333|line_height:44px&#8221; google_fonts=&#8221;font_family:Roboto%3A100%2C100italic%2C300%2C300italic%2Cregular%2Citalic%2C500%2C500italic%2C700%2C700italic%2C900%2C900italic|font_style:700%20bold%20regular%3A700%3Anormal&#8221;]<div class=\"standard-arrow bullet-top\"><ul>\n<li>Experience basic Liberating Structures<\/li>\n<li>Introduction to the theory and principles of Liberating Structures<\/li>\n<li>Experience Deep Thinking using Liberating Structures<\/li>\n<li>Learn how to select a Liberating Structure for a specific purpose<\/li>\n<li>Reflect on the way your team and meetings can benefit from Liberating Structures<\/li>\n<li>Give and get help to use new ways to interact in your working environment<\/li>\n<\/ul>\n<\/div>[vc_custom_heading text=&#8221;Who Should Attend&#8221; font_container=&#8221;tag:h2|font_size:34px|text_align:left|color:%23333333|line_height:44px&#8221; google_fonts=&#8221;font_family:Roboto%3A100%2C100italic%2C300%2C300italic%2Cregular%2Citalic%2C500%2C500italic%2C700%2C700italic%2C900%2C900italic|font_style:700%20bold%20regular%3A700%3Anormal&#8221;]<div class=\"standard-arrow bullet-top\"><ul>\n<li>Anyone that wants to unleash creativity, innovation and meaningful interactions.<\/li>\n<li>Are you that Scrum Master looking for innovative ways to facilitate your Sprint Retrospectives?<\/li>\n<li>Are you that leader who is eager to tap into the collective intelligence of your department?<\/li>\n<li>Are you that CEO that likes to consult all of your employees, and looks for a way how?<\/li>\n<li>Are you that consultant that wants a more effective way to approach your workshops?<\/li>\n<li>Are you that (Agile) Coach that looks for a simple approach to discuss complicated topics?<\/li>\n<\/ul>\n<\/div>[\/vc_column][\/vc_row][vc_row full_width=&#8221;stretch_row_content_no_spaces&#8221; bg_type=&#8221;image&#8221; parallax_style=&#8221;vcpb-default&#8221; bg_image_new=&#8221;id^61166|url^https:\/\/www.acmagile.com\/wp-content\/uploads\/2020\/02\/acm-register-EN.jpg|caption^null|alt^null|title^acm-register-EN|description^null&#8221; bg_image_repeat=&#8221;no-repeat&#8221; enable_overlay=&#8221;enable_overlay_value&#8221; overlay_color=&#8221;rgba(0,0,0,0.2)&#8221; css=&#8221;.vc_custom_1581070550083{background-position: center !important;background-repeat: no-repeat !important;background-size: cover !important;}&#8221; el_id=&#8221;REGISTER&#8221;][vc_column width=&#8221;1\/2&#8243; css=&#8221;.vc_custom_1579442750805{background-position: center !important;background-repeat: no-repeat !important;background-size: cover !important;}&#8221;][\/vc_column][vc_column width=&#8221;1\/2&#8243; css=&#8221;.vc_custom_1579443472319{padding-top: 0px !important;padding-right: 50px !important;padding-bottom: 0px !important;padding-left: 40px !important;background-color: rgba(0,0,0,0.44) !important;background-position: center !important;background-repeat: no-repeat !important;background-size: cover !important;*background-color: rgb(0,0,0) !important;}&#8221;]<div id=\"ultimate-heading-4906a04aaf4cdc42\" class=\"uvc-heading ult-adjust-bottom-margin ultimate-heading-4906a04aaf4cdc42 uvc-7859 \" data-hspacer=\"no_spacer\"  data-halign=\"left\" style=\"text-align:left\"><div class=\"uvc-heading-spacer no_spacer\" style=\"top\"><\/div><div class=\"uvc-main-heading ult-responsive\"  data-ultimate-target='.uvc-heading.ultimate-heading-4906a04aaf4cdc42 h2'  data-responsive-json-new='{\"font-size\":\"desktop:30px;\",\"line-height\":\"desktop:40px;\"}' ><h2 style=\"--font-weight:theme;color:#ffffff;margin-top:50px;margin-bottom:20px;\">Register<\/h2><\/div><div class=\"uvc-sub-heading ult-responsive\"  data-ultimate-target='.uvc-heading.ultimate-heading-4906a04aaf4cdc42 .uvc-sub-heading '  data-responsive-json-new='{\"font-size\":\"desktop:15px;\",\"line-height\":\"desktop:25px;\"}'  style=\"font-weight:normal;color:#ffffff;margin-bottom:50px;\">Fill out your info and one of our colleagues will get back in touch with you soon!<\/div><\/div><div class=\" ubtn-ctn-left \"><a class=\"ubtn-link ult-adjust-bottom-margin ubtn-left ubtn-block \" href=\"https:\/\/www.acmagile.com\/en\/register\/\" ><button type=\"button\" id=\"ubtn-6161\"  class=\"ubtn ult-adjust-bottom-margin ult-responsive ubtn-block ubtn-no-hover-bg  none  ubtn-left   tooltip-6a04aaf4cdca3 ubtn-block\"  data-hover=\"\" data-border-color=\"\" data-bg=\"#f7931e\" data-hover-bg=\"\" data-border-hover=\"\" data-shadow-hover=\"\" data-shadow-click=\"none\" data-shadow=\"\" data-shd-shadow=\"\"  data-ultimate-target='#ubtn-6161'  data-responsive-json-new='{\"font-size\":\"desktop:15px;\",\"line-height\":\"desktop:25px;\"}'  style=\"font-family:&#039;Roboto&#039;;font-weight:500;border:none;background: #f7931e;color: #ffffff;\"><span class=\"ubtn-hover\" style=\"background-color:\"><\/span><span class=\"ubtn-data ubtn-text \" >Ok, I want to register.<\/span><\/button><\/a><\/div>[vc_empty_space height=&#8221;50px&#8221;][\/vc_column][\/vc_row][vc_row][vc_column][vc_empty_space][\/vc_column][\/vc_row][vc_row disable_element=&#8221;yes&#8221;][vc_column]<div class=\"mec-wrap mec-skin-slider-container \" id=\"mec_skin_60872\">\r\n\r\n        <div class=\"mec-skin-slider-events-container\" id=\"mec_skin_events_60872\">\r\n        No event found!    <\/div>\r\n    \r\n<\/div>[\/vc_column][\/vc_row]<\/p>\n","protected":false},"excerpt":{"rendered":"<p>[vc_section css=&#8221;.vc_custom_1579875597075{background-color: #f2f2f2 !important;}&#8221;][vc_row content_placement=&#8221;middle&#8221; bg_type=&#8221;bg_color&#8221; bg_color_value=&#8221;#f2f2f2&#8243; css=&#8221;.vc_custom_1580488761307{background-color: #f2f2f2 !important;}&#8221;][vc_column width=&#8221;1\/3&#8243;][vc_single_image image=&#8221;61158&#8243; img_size=&#8221;200&#215;200&#8243; alignment=&#8221;center&#8221;][vc_row_inner content_placement=&#8221;middle&#8221; disable_element=&#8221;yes&#8221; css=&#8221;.vc_custom_1582272241019{margin-top: 20px !important;margin-right: 20px !important;margin-bottom: 20px !important;margin-left: 20px !important;padding-top: 10px !important;padding-right: 10px !important;padding-bottom: 10px !important;padding-left: 10px !important;background-color: #f7931e !important;}&#8221;][vc_column_inner][\/vc_column_inner][\/vc_row_inner][\/vc_column][vc_column width=&#8221;2\/3&#8243;][vc_column_text]Unleash creativity, innovation and meaningful interactions using Liberating Structures. Liberating Structures are a collection of interaction patterns that allow you&hellip;<\/p>\n","protected":false},"author":9,"featured_media":0,"parent":0,"menu_order":0,"comment_status":"closed","ping_status":"closed","template":"","meta":[],"_links":{"self":[{"href":"https:\/\/old.acmagile.com\/en\/wp-json\/wp\/v2\/pages\/61120"}],"collection":[{"href":"https:\/\/old.acmagile.com\/en\/wp-json\/wp\/v2\/pages"}],"about":[{"href":"https:\/\/old.acmagile.com\/en\/wp-json\/wp\/v2\/types\/page"}],"author":[{"embeddable":true,"href":"https:\/\/old.acmagile.com\/en\/wp-json\/wp\/v2\/users\/9"}],"replies":[{"embeddable":true,"href":"https:\/\/old.acmagile.com\/en\/wp-json\/wp\/v2\/comments?post=61120"}],"version-history":[{"count":0,"href":"https:\/\/old.acmagile.com\/en\/wp-json\/wp\/v2\/pages\/61120\/revisions"}],"wp:attachment":[{"href":"https:\/\/old.acmagile.com\/en\/wp-json\/wp\/v2\/media?parent=61120"}],"curies":[{"name":"wp","href":"https:\/\/api.w.org\/{rel}","templated":true}]}}