{"id":60483,"date":"2019-12-17T18:38:14","date_gmt":"2019-12-17T18:38:14","guid":{"rendered":"https:\/\/www.acmagile.com\/?page_id=60483"},"modified":"2020-12-21T07:33:18","modified_gmt":"2020-12-21T07:33:18","slug":"ozdemir-gungor","status":"publish","type":"page","link":"https:\/\/old.acmagile.com\/en\/ozdemir-gungor\/","title":{"rendered":"\u00d6zdemir G\u00fcng\u00f6r"},"content":{"rendered":"<p>[vc_row][vc_column width=&#8221;1\/4&#8243;][vc_single_image image=&#8221;60480&#8243; img_size=&#8221;large&#8221; alignment=&#8221;center&#8221; style=&#8221;vc_box_shadow_border_circle_2&#8243; lazy_loading=&#8221;true&#8221;][\/vc_column][vc_column width=&#8221;3\/4&#8243;][vc_custom_heading text=&#8221;\u00d6ZDEM\u0130R G\u00dcNG\u00d6R&#8221; font_container=&#8221;tag:h1|text_align:left&#8221; use_theme_fonts=&#8221;yes&#8221;][vc_column_text]<\/p>\n<h3>Agile Consultant<\/h3>\n<h4><em>PSM I, PSM II, PSPO I, PSPO II, PAL I, ICP-ATF, KMP, ICF-ACC, ACPC, MBA<\/em><\/h4>\n<p>After graduating from Middle East Technical University, Department of Computer Engineering, he received his MBA degree from the same university. He started his professional career in 1997 as a Brand Manager in telecommunications sector. He served as Sales and Marketing Manager and Assistant General Manager.<\/p>\n<p>\u00d6zdemir G\u00fcng\u00f6r has extensive experience in the management of distributors, wholesale, corporate sales, sales to chain stores and alternative sales channels to distributors, dealers channels. G\u00fcng\u00f6r has proven business experience to generate revenue, profitability, growth, change management and customer satisfaction by building the best performing agile organizations that can cope with continuous change based on KPI based on operational excellence and sustainable performance results.<\/p>\n<p>G\u00fcng\u00f6r is a Professional Coach who has completed ICF (International Coach Federation) Adler Coaching Certification program and Advanced Coaching trainings.<\/p>\n<p>\u00d6zdemir G\u00fcng\u00f6r, who considers being agile and \u201cthere is always a way\u201d approach as a life philosophy, joined ACM family in November 2019 as Agile Coach.[\/vc_column_text][\/vc_column][\/vc_row]<\/p>\n","protected":false},"excerpt":{"rendered":"<p>[vc_row][vc_column width=&#8221;1\/4&#8243;][vc_single_image image=&#8221;60480&#8243; img_size=&#8221;large&#8221; alignment=&#8221;center&#8221; style=&#8221;vc_box_shadow_border_circle_2&#8243; lazy_loading=&#8221;true&#8221;][\/vc_column][vc_column width=&#8221;3\/4&#8243;][vc_custom_heading text=&#8221;\u00d6ZDEM\u0130R G\u00dcNG\u00d6R&#8221; font_container=&#8221;tag:h1|text_align:left&#8221; use_theme_fonts=&#8221;yes&#8221;][vc_column_text] Agile Consultant PSM I, PSM II, PSPO I, PSPO II, PAL I, ICP-ATF, KMP, ICF-ACC, ACPC, MBA After graduating from Middle East Technical University, Department of Computer Engineering, he received his MBA degree from the same university. He started his professional career in&hellip;<\/p>\n","protected":false},"author":9,"featured_media":0,"parent":0,"menu_order":0,"comment_status":"closed","ping_status":"closed","template":"","meta":[],"_links":{"self":[{"href":"https:\/\/old.acmagile.com\/en\/wp-json\/wp\/v2\/pages\/60483"}],"collection":[{"href":"https:\/\/old.acmagile.com\/en\/wp-json\/wp\/v2\/pages"}],"about":[{"href":"https:\/\/old.acmagile.com\/en\/wp-json\/wp\/v2\/types\/page"}],"author":[{"embeddable":true,"href":"https:\/\/old.acmagile.com\/en\/wp-json\/wp\/v2\/users\/9"}],"replies":[{"embeddable":true,"href":"https:\/\/old.acmagile.com\/en\/wp-json\/wp\/v2\/comments?post=60483"}],"version-history":[{"count":1,"href":"https:\/\/old.acmagile.com\/en\/wp-json\/wp\/v2\/pages\/60483\/revisions"}],"predecessor-version":[{"id":64154,"href":"https:\/\/old.acmagile.com\/en\/wp-json\/wp\/v2\/pages\/60483\/revisions\/64154"}],"wp:attachment":[{"href":"https:\/\/old.acmagile.com\/en\/wp-json\/wp\/v2\/media?parent=60483"}],"curies":[{"name":"wp","href":"https:\/\/api.w.org\/{rel}","templated":true}]}}