{"id":60014,"date":"2019-09-28T11:04:08","date_gmt":"2019-09-28T11:04:08","guid":{"rendered":"https:\/\/www.acmagile.com\/?page_id=60014"},"modified":"2019-12-17T07:37:41","modified_gmt":"2019-12-17T07:37:41","slug":"baris-yucel","status":"publish","type":"page","link":"https:\/\/old.acmagile.com\/en\/baris-yucel\/","title":{"rendered":"Bar\u0131\u015f Y\u00fccel"},"content":{"rendered":"<p>[vc_row][vc_column width=&#8221;1\/4&#8243;][vc_single_image image=&#8221;60012&#8243; img_size=&#8221;large&#8221; alignment=&#8221;center&#8221; style=&#8221;vc_box_shadow_border_circle_2&#8243; lazy_loading=&#8221;true&#8221;][\/vc_column][vc_column width=&#8221;3\/4&#8243;][vc_custom_heading text=&#8221;BARI\u015e Y\u00dcCEL&#8221; font_container=&#8221;tag:h1|text_align:left&#8221; use_theme_fonts=&#8221;yes&#8221;][vc_column_text]<\/p>\n<h3>Agile Coach &amp; DevOps Expert<\/h3>\n<h4><em>PSM I, PSM II, PSPO I, PAL I<\/em><\/h4>\n<p>Bar\u0131\u015f is an experienced Agile Coach and DevOps expert with a demonstrated history of working in the Financial Technologies and Telecom Industries.<\/p>\n<p>He is an industrial engineer, graduated from Y\u0131ld\u0131z Technical University at 2007. After having experiences in IT and Consultancy companies around 3 years, he worked at Ziraat Technology for over 8 years. He started as a Business Analyst then he became an Agile Coach in 2015 and DevOps manager in 2016 as he started to lead the Ziraat Technology\u2019s core banking transformation.<\/p>\n<p>Then he was transferred to Vodafone Turkey for coaching the Vodafone Turkey&#8217;s transformation into an Agile Organization and worked as a Product Owner of the &#8220;Agile Transformation Squad&#8221; consisting of internal and external Agile Coaches and necessary organizational roles to achieve Vodafone Turkey&#8217;s transformation.<\/p>\n<p>He has the full stack experience both as a consultant and as an internal leader who leads the agile transformation of 2 of the biggest IT and Telco companies in Turkey.<\/p>\n<p>Now he changed his career route to United Kingdom for seeking continuous improvement for his skills and continuous delivery of his experience in another country, another culture.<\/p>\n<p>His experties are in Organizational Agile Transformation, Business Agility, Agile Leadership, Scrum, Extreme Programming(XP), Kanban, DevOps Culture and Tools, Cloud Native Applications, Micro-Service Architecture, Training and Coaching.[\/vc_column_text][\/vc_column][\/vc_row]<\/p>\n","protected":false},"excerpt":{"rendered":"<p>[vc_row][vc_column width=&#8221;1\/4&#8243;][vc_single_image image=&#8221;60012&#8243; img_size=&#8221;large&#8221; alignment=&#8221;center&#8221; style=&#8221;vc_box_shadow_border_circle_2&#8243; lazy_loading=&#8221;true&#8221;][\/vc_column][vc_column width=&#8221;3\/4&#8243;][vc_custom_heading text=&#8221;BARI\u015e Y\u00dcCEL&#8221; font_container=&#8221;tag:h1|text_align:left&#8221; use_theme_fonts=&#8221;yes&#8221;][vc_column_text] Agile Coach &amp; DevOps Expert PSM I, PSM II, PSPO I, PAL I Bar\u0131\u015f is an experienced Agile Coach and DevOps expert with a demonstrated history of working in the Financial Technologies and Telecom Industries. He is an industrial engineer, graduated from Y\u0131ld\u0131z&hellip;<\/p>\n","protected":false},"author":4,"featured_media":0,"parent":0,"menu_order":0,"comment_status":"closed","ping_status":"closed","template":"","meta":[],"_links":{"self":[{"href":"https:\/\/old.acmagile.com\/en\/wp-json\/wp\/v2\/pages\/60014"}],"collection":[{"href":"https:\/\/old.acmagile.com\/en\/wp-json\/wp\/v2\/pages"}],"about":[{"href":"https:\/\/old.acmagile.com\/en\/wp-json\/wp\/v2\/types\/page"}],"author":[{"embeddable":true,"href":"https:\/\/old.acmagile.com\/en\/wp-json\/wp\/v2\/users\/4"}],"replies":[{"embeddable":true,"href":"https:\/\/old.acmagile.com\/en\/wp-json\/wp\/v2\/comments?post=60014"}],"version-history":[{"count":0,"href":"https:\/\/old.acmagile.com\/en\/wp-json\/wp\/v2\/pages\/60014\/revisions"}],"wp:attachment":[{"href":"https:\/\/old.acmagile.com\/en\/wp-json\/wp\/v2\/media?parent=60014"}],"curies":[{"name":"wp","href":"https:\/\/api.w.org\/{rel}","templated":true}]}}