{"id":58416,"date":"2019-07-01T09:43:47","date_gmt":"2019-07-01T09:43:47","guid":{"rendered":"https:\/\/www.acmagile.com\/?page_id=58416"},"modified":"2021-01-10T08:04:15","modified_gmt":"2021-01-10T08:04:15","slug":"ahmet-ozcan","status":"publish","type":"page","link":"https:\/\/old.acmagile.com\/en\/ahmet-ozcan\/","title":{"rendered":"Ahmet \u00d6zcan"},"content":{"rendered":"<p>[vc_row][vc_column width=&#8221;1\/4&#8243;][vc_single_image image=&#8221;58419&#8243; img_size=&#8221;large&#8221; alignment=&#8221;center&#8221; style=&#8221;vc_box_shadow_border_circle_2&#8243; lazy_loading=&#8221;true&#8221;][\/vc_column][vc_column width=&#8221;3\/4&#8243;][vc_custom_heading text=&#8221;AHMET \u00d6ZCAN&#8221; font_container=&#8221;tag:h1|text_align:left&#8221; use_theme_fonts=&#8221;yes&#8221;][vc_column_text]<\/p>\n<h3>Agile Consultant \u2013 Accredited Kanban Trainer (AKT)<\/h3>\n<h4><em>PSM I, PSM II, PSPO I, PSPO II, PAL I, SPS, PMP<\/em><\/h4>\n<p>After graduating from Y\u0131ld\u0131z Technical University, Department of Economics, he worked as an Analyst, Project Manager and Program Manager at T. Garanti Bankas\u0131, Fortis Bank and Softtech \/ T. \u0130\u015f Bankas\u0131 for about 13 years. He has worked as a Coach at Agile Studio through the Corporate and Agile Transformation processes of Softtech. After that he has worked as DevOps Unit Manager. During his business career he has contributed to organizational and cultural transformation, corporate portfolio planning, process and tool transformations; He coached several Scrum, Kanban and Nexus teams.<\/p>\n<p>Since June 2019, he has been working as an Agile Consultant at ACM.[\/vc_column_text][vc_empty_space]<div class=\"dt-fancy-separator title-left text-big\" style=\"width: 100%;\"><div class=\"dt-fancy-title\"><span class=\"separator-holder separator-left\"><\/span>Links<span class=\"separator-holder separator-right\"><\/span><\/div><\/div>[vc_empty_space]<div class=\"standard-arrow list-divider bullet-top\"><ul>\n<li><a href=\"https:\/\/www.scrum.org\/user\/188105\">Ahmet Ozcan @Scrum.org<\/a><\/li>\n<\/ul>\n<\/div><div class=\"dt-fancy-separator title-left text-big\" style=\"width: 100%;\"><div class=\"dt-fancy-title\"><span class=\"separator-holder separator-left\"><\/span>Trainings<span class=\"separator-holder separator-right\"><\/span><\/div><\/div>[vc_empty_space]<div class=\"standard-arrow list-divider bullet-top\"><ul>\n<li><a href=\"https:\/\/www.acmagile.com\/en\/gamified-agile-scrum-training\/\" target=\"_blank\" rel=\"noopener noreferrer\">Gamified Agile &amp; Scrum Training<\/a>, 2 days<\/li>\n<\/ul>\n<\/div>[\/vc_column][\/vc_row]<\/p>\n","protected":false},"excerpt":{"rendered":"<p>[vc_row][vc_column width=&#8221;1\/4&#8243;][vc_single_image image=&#8221;58419&#8243; img_size=&#8221;large&#8221; alignment=&#8221;center&#8221; style=&#8221;vc_box_shadow_border_circle_2&#8243; lazy_loading=&#8221;true&#8221;][\/vc_column][vc_column width=&#8221;3\/4&#8243;][vc_custom_heading text=&#8221;AHMET \u00d6ZCAN&#8221; font_container=&#8221;tag:h1|text_align:left&#8221; use_theme_fonts=&#8221;yes&#8221;][vc_column_text] Agile Consultant \u2013 Accredited Kanban Trainer (AKT) PSM I, PSM II, PSPO I, PSPO II, PAL I, SPS, PMP After graduating from Y\u0131ld\u0131z Technical University, Department of Economics, he worked as an Analyst, Project Manager and Program Manager at T. Garanti Bankas\u0131, Fortis&hellip;<\/p>\n","protected":false},"author":9,"featured_media":0,"parent":0,"menu_order":0,"comment_status":"closed","ping_status":"closed","template":"","meta":[],"_links":{"self":[{"href":"https:\/\/old.acmagile.com\/en\/wp-json\/wp\/v2\/pages\/58416"}],"collection":[{"href":"https:\/\/old.acmagile.com\/en\/wp-json\/wp\/v2\/pages"}],"about":[{"href":"https:\/\/old.acmagile.com\/en\/wp-json\/wp\/v2\/types\/page"}],"author":[{"embeddable":true,"href":"https:\/\/old.acmagile.com\/en\/wp-json\/wp\/v2\/users\/9"}],"replies":[{"embeddable":true,"href":"https:\/\/old.acmagile.com\/en\/wp-json\/wp\/v2\/comments?post=58416"}],"version-history":[{"count":2,"href":"https:\/\/old.acmagile.com\/en\/wp-json\/wp\/v2\/pages\/58416\/revisions"}],"predecessor-version":[{"id":64544,"href":"https:\/\/old.acmagile.com\/en\/wp-json\/wp\/v2\/pages\/58416\/revisions\/64544"}],"wp:attachment":[{"href":"https:\/\/old.acmagile.com\/en\/wp-json\/wp\/v2\/media?parent=58416"}],"curies":[{"name":"wp","href":"https:\/\/api.w.org\/{rel}","templated":true}]}}