{"id":57701,"date":"2019-03-04T10:52:43","date_gmt":"2019-03-04T10:52:43","guid":{"rendered":"http:\/\/www.acmagile.com\/?page_id=57701"},"modified":"2021-01-10T08:38:41","modified_gmt":"2021-01-10T08:38:41","slug":"mutlu-cicek","status":"publish","type":"page","link":"https:\/\/old.acmagile.com\/en\/mutlu-cicek\/","title":{"rendered":"Mutlu \u00c7i\u00e7ek"},"content":{"rendered":"<p>[vc_row][vc_column width=&#8221;1\/4&#8243;][vc_single_image image=&#8221;57704&#8243; img_size=&#8221;large&#8221; alignment=&#8221;center&#8221; style=&#8221;vc_box_shadow_border_circle_2&#8243; lazy_loading=&#8221;true&#8221;][\/vc_column][vc_column width=&#8221;3\/4&#8243;][vc_custom_heading text=&#8221;MUTLU \u00c7\u0130\u00c7EK&#8221; font_container=&#8221;tag:h1|text_align:left&#8221; use_theme_fonts=&#8221;yes&#8221;][vc_column_text]<\/p>\n<h2>Agile Consultant<\/h2>\n<h4>PSM I, PSM II, PSPO I, PSPO II, PAL I, PSK I, SPS, KMP I, ICP-ATF, PMP<\/h4>\n<p>Mutlu \u00c7i\u00e7ek serves ACM as one of Agile Consultant. After he had BSc degree on Computer Science from Bilkent University, he worked for 6 years as Software Engineer, Information Security Manager and Project Manager in an SME company in Ankara. Later on, he worked in two of the Turkish biggest fintechs, Intertech and Softtech, as Project Manager for 3.5 years. In the early of 2019, he has joined ACM family and continues his career as Agile Consultant.[\/vc_column_text]<div class=\"dt-fancy-separator title-left text-big\" style=\"width: 100%;\"><div class=\"dt-fancy-title\"><span class=\"separator-holder separator-left\"><\/span>Links<span class=\"separator-holder separator-right\"><\/span><\/div><\/div>[vc_empty_space]<div class=\"standard-arrow list-divider bullet-top\"><ul>\n<li><a href=\"https:\/\/www.scrum.org\/user\/142544\">Mutlu Cicek @Scrum.org<\/a><\/li>\n<\/ul>\n<\/div><div class=\"dt-fancy-separator title-left text-big\" style=\"width: 100%;\"><div class=\"dt-fancy-title\"><span class=\"separator-holder separator-left\"><\/span>Trainings<span class=\"separator-holder separator-right\"><\/span><\/div><\/div>[vc_empty_space]<div class=\"standard-arrow list-divider bullet-top\"><ul>\n<li><a href=\"https:\/\/www.acmagile.com\/en\/gamified-agile-scrum-training\/\" target=\"_blank\" rel=\"noopener noreferrer\">Gamified Agile &amp; Scrum Training<\/a>, 2 days<\/li>\n<\/ul>\n<\/div>[\/vc_column][\/vc_row]<\/p>\n","protected":false},"excerpt":{"rendered":"<p>[vc_row][vc_column width=&#8221;1\/4&#8243;][vc_single_image image=&#8221;57704&#8243; img_size=&#8221;large&#8221; alignment=&#8221;center&#8221; style=&#8221;vc_box_shadow_border_circle_2&#8243; lazy_loading=&#8221;true&#8221;][\/vc_column][vc_column width=&#8221;3\/4&#8243;][vc_custom_heading text=&#8221;MUTLU \u00c7\u0130\u00c7EK&#8221; font_container=&#8221;tag:h1|text_align:left&#8221; use_theme_fonts=&#8221;yes&#8221;][vc_column_text] Agile Consultant PSM I, PSM II, PSPO I, PSPO II, PAL I, PSK I, SPS, KMP I, ICP-ATF, PMP Mutlu \u00c7i\u00e7ek serves ACM as one of Agile Consultant. After he had BSc degree on Computer Science from Bilkent University, he worked for 6&hellip;<\/p>\n","protected":false},"author":4,"featured_media":0,"parent":0,"menu_order":0,"comment_status":"closed","ping_status":"closed","template":"","meta":[],"_links":{"self":[{"href":"https:\/\/old.acmagile.com\/en\/wp-json\/wp\/v2\/pages\/57701"}],"collection":[{"href":"https:\/\/old.acmagile.com\/en\/wp-json\/wp\/v2\/pages"}],"about":[{"href":"https:\/\/old.acmagile.com\/en\/wp-json\/wp\/v2\/types\/page"}],"author":[{"embeddable":true,"href":"https:\/\/old.acmagile.com\/en\/wp-json\/wp\/v2\/users\/4"}],"replies":[{"embeddable":true,"href":"https:\/\/old.acmagile.com\/en\/wp-json\/wp\/v2\/comments?post=57701"}],"version-history":[{"count":1,"href":"https:\/\/old.acmagile.com\/en\/wp-json\/wp\/v2\/pages\/57701\/revisions"}],"predecessor-version":[{"id":64561,"href":"https:\/\/old.acmagile.com\/en\/wp-json\/wp\/v2\/pages\/57701\/revisions\/64561"}],"wp:attachment":[{"href":"https:\/\/old.acmagile.com\/en\/wp-json\/wp\/v2\/media?parent=57701"}],"curies":[{"name":"wp","href":"https:\/\/api.w.org\/{rel}","templated":true}]}}