{"id":57254,"date":"2018-05-21T11:11:40","date_gmt":"2018-05-21T11:11:40","guid":{"rendered":"http:\/\/www.acmagile.com\/mehmet-yitmen\/"},"modified":"2019-11-20T08:20:16","modified_gmt":"2019-11-20T08:20:16","slug":"mehmet-yitmen","status":"publish","type":"page","link":"https:\/\/old.acmagile.com\/en\/mehmet-yitmen\/","title":{"rendered":"Mehmet Yitmen"},"content":{"rendered":"<p>[vc_row][vc_column width=&#8221;1\/4&#8243;][vc_single_image image=&#8221;60203&#8243; img_size=&#8221;large&#8221; alignment=&#8221;center&#8221; style=&#8221;vc_box_shadow_border_circle_2&#8243; lazy_loading=&#8221;true&#8221;][\/vc_column][vc_column width=&#8221;3\/4&#8243;][vc_custom_heading text=&#8221;MEHMET Y\u0130TMEN&#8221; font_container=&#8221;tag:h1|text_align:left&#8221; use_theme_fonts=&#8221;yes&#8221;][vc_column_text]<\/p>\n<h2>Managing Partner<\/h2>\n<h4><em><strong>PSD, PAL I, PSM I, PSM II, PSM III, PSPO I, PSPO II, CSM, SAFe Agilist, SAFe Program Consultant<\/strong><\/em><\/h4>\n<p>Mehmet is a management and technology consultant\/leader helping organisations to be more agile and productive since 2007. He worked with more than 500 teams and 30 companies including Telecom, Finance, Banking, Insurance, E-Commerce, Logistics, Software Development, etc. He is the author of the Best Seller &#8221;Scrum Bir D\u00f6n\u00fc\u015f\u00fcm Hikayesi&#8221;, the first Turkish book about agility and agile transformation published in 2013. Also, he is the co-author of &#8220;Scrum: Usta Sorulara Uzman Cevaplar&#8221;, which is published in 2017. Mehmet, co-founded <a href=\"http:\/\/www.agileturkey.org\/\">AgileTurkey.org<\/a> at 2008, the biggest non-profit Agile community in its region that supports the market to enhance agility, and continues to actively support non-profit communities such as Agile Middle East and Agile Bosnia. On the other hand, as an enthusiastic entrepreneur, Mehmet has been featured as one of the successful young rising stars in business by Fortune Turkey&#8217;s 40 Under 40 for the years between 2011 and 2015.[\/vc_column_text]<div class=\"dt-fancy-separator title-left text-big\" style=\"width: 100%;\"><div class=\"dt-fancy-title\"><span class=\"separator-holder separator-left\"><\/span>Links<span class=\"separator-holder separator-right\"><\/span><\/div><\/div>[vc_empty_space]<div class=\"standard-arrow list-divider bullet-top\"><ul>\n<li><a href=\"https:\/\/www.scrum.org\/user\/98\">Mehmet Yitmen @Scrum.org<\/a><\/li>\n<\/ul>\n<\/div><div class=\"dt-fancy-separator title-left text-big\" style=\"width: 100%;\"><div class=\"dt-fancy-title\"><span class=\"separator-holder separator-left\"><\/span>Books<span class=\"separator-holder separator-right\"><\/span><\/div><\/div>[vc_empty_space]<div class=\"standard-arrow list-divider bullet-top\"><ul>\n<li><a href=\"https:\/\/www.seckin.com.tr\/kitap\/718911544\" target=\"_blank\" rel=\"noopener noreferrer\">Scrum: Bir D\u00f6n\u00fc\u015f\u00fcm Hikayesi<\/a><\/li>\n<li><a href=\"https:\/\/www.seckin.com.tr\/kitap\/376728161\" target=\"_blank\" rel=\"noopener noreferrer\">Scrum: Usta Sorulara Uzman Cevaplar<\/a><\/li>\n<\/ul>\n<\/div><div class=\"dt-fancy-separator title-left text-big\" style=\"width: 100%;\"><div class=\"dt-fancy-title\"><span class=\"separator-holder separator-left\"><\/span>Trainings<span class=\"separator-holder separator-right\"><\/span><\/div><\/div>[vc_empty_space]<div class=\"standard-arrow list-divider bullet-top\"><ul>\n<li><a href=\"http:\/\/www.acmagile.com\/en\/professional-scrum-foundations\/\" target=\"_blank\" rel=\"noopener noreferrer\">Professional Scrum Foundations (PSF)<\/a>, 2 days<\/li>\n<li><a href=\"http:\/\/www.acmagile.com\/en\/professional-scrum-master-training\/\" target=\"_blank\" rel=\"noopener noreferrer\">Professional Scrum Master (PSM)<\/a>, 2 days<\/li>\n<li><a href=\"http:\/\/www.acmagile.com\/en\/product-owner-training\/\" target=\"_blank\" rel=\"noopener noreferrer\">Professional Product Owner (PSPO)<\/a>, 2 days<\/li>\n<li><a href=\"https:\/\/www.acmagile.com\/en\/agile-leadership-essentials\/\" target=\"_blank\" rel=\"noopener noreferrer\">Professional Agile Leadership Essentials (PAL-E)<\/a>, 1 day<\/li>\n<li><a href=\"https:\/\/www.acmagile.com\/en\/gamified-kanban-training\/\" target=\"_blank\" rel=\"noopener noreferrer\">Gamified Kanban Training<\/a>, 2 days<\/li>\n<li><a href=\"https:\/\/www.acmagile.com\/en\/gamified-agile-scrum-training\/\" target=\"_blank\" rel=\"noopener noreferrer\">Gamified Agile &amp; Scrum Training<\/a>, 2 days<\/li>\n<li><a href=\"https:\/\/www.acmagile.com\/en\/agile-discovery-workshop\/\" target=\"_blank\" rel=\"noopener noreferrer\">Agile &amp; Scrum Discovery Workshop<\/a>, 1 day<\/li>\n<li><a href=\"https:\/\/www.acmagile.com\/en\/business-agility-workshop-for-non-it\/\" target=\"_blank\" rel=\"noopener noreferrer\">Business Agility &amp; Leadership Workshop<\/a>, 1 day<\/li>\n<li><a href=\"https:\/\/www.acmagile.com\/en\/leading-safe-training\/\" target=\"_blank\" rel=\"noopener noreferrer\">Leading SAFe Training<\/a>, 2 days<\/li>\n<\/ul>\n<\/div>[\/vc_column][\/vc_row]<\/p>\n","protected":false},"excerpt":{"rendered":"<p>[vc_row][vc_column width=&#8221;1\/4&#8243;][vc_single_image image=&#8221;60203&#8243; img_size=&#8221;large&#8221; alignment=&#8221;center&#8221; style=&#8221;vc_box_shadow_border_circle_2&#8243; lazy_loading=&#8221;true&#8221;][\/vc_column][vc_column width=&#8221;3\/4&#8243;][vc_custom_heading text=&#8221;MEHMET Y\u0130TMEN&#8221; font_container=&#8221;tag:h1|text_align:left&#8221; use_theme_fonts=&#8221;yes&#8221;][vc_column_text] Managing Partner PSD, PAL I, PSM I, PSM II, PSM III, PSPO I, PSPO II, CSM, SAFe Agilist, SAFe Program Consultant Mehmet is a management and technology consultant\/leader helping organisations to be more agile and productive since 2007. He worked with more than&hellip;<\/p>\n","protected":false},"author":4,"featured_media":0,"parent":0,"menu_order":0,"comment_status":"closed","ping_status":"closed","template":"","meta":[],"_links":{"self":[{"href":"https:\/\/old.acmagile.com\/en\/wp-json\/wp\/v2\/pages\/57254"}],"collection":[{"href":"https:\/\/old.acmagile.com\/en\/wp-json\/wp\/v2\/pages"}],"about":[{"href":"https:\/\/old.acmagile.com\/en\/wp-json\/wp\/v2\/types\/page"}],"author":[{"embeddable":true,"href":"https:\/\/old.acmagile.com\/en\/wp-json\/wp\/v2\/users\/4"}],"replies":[{"embeddable":true,"href":"https:\/\/old.acmagile.com\/en\/wp-json\/wp\/v2\/comments?post=57254"}],"version-history":[{"count":0,"href":"https:\/\/old.acmagile.com\/en\/wp-json\/wp\/v2\/pages\/57254\/revisions"}],"wp:attachment":[{"href":"https:\/\/old.acmagile.com\/en\/wp-json\/wp\/v2\/media?parent=57254"}],"curies":[{"name":"wp","href":"https:\/\/api.w.org\/{rel}","templated":true}]}}