{"id":57239,"date":"2018-04-27T09:40:22","date_gmt":"2018-04-27T09:40:22","guid":{"rendered":"http:\/\/www.acmagile.com\/danismanlar-egitmenler\/"},"modified":"2021-05-18T13:08:57","modified_gmt":"2021-05-18T13:08:57","slug":"consultants-trainers","status":"publish","type":"page","link":"https:\/\/old.acmagile.com\/en\/consultants-trainers\/","title":{"rendered":"Our Consultants and Business Partners"},"content":{"rendered":"<p>[vc_row][vc_column][vc_custom_heading text=&#8221;OUR CONSULTANTS AND BUSINESS PARTNERS&#8221; font_container=&#8221;tag:h1|text_align:center&#8221; use_theme_fonts=&#8221;yes&#8221;][vc_empty_space][\/vc_column][\/vc_row][vc_row equal_height=&#8221;yes&#8221;][vc_column width=&#8221;1\/3&#8243;][vc_single_image image=&#8221;55581&#8243; img_size=&#8221;medium&#8221; alignment=&#8221;center&#8221; style=&#8221;vc_box_shadow_border_circle_2&#8243; onclick=&#8221;custom_link&#8221; img_link_target=&#8221;_blank&#8221; link=&#8221;http:\/\/www.acmagile.com\/en\/ahmet-akdag&#8221;][vc_column_text]<\/p>\n<h2 style=\"text-align: center;\">Ahmet Akda\u011f<\/h2>\n<h3 style=\"text-align: center;\">Agility Consultant<\/h3>\n<p>[\/vc_column_text][\/vc_column][vc_column width=&#8221;1\/3&#8243;][vc_single_image image=&#8221;58419&#8243; img_size=&#8221;medium&#8221; alignment=&#8221;center&#8221; style=&#8221;vc_box_shadow_border_circle_2&#8243; onclick=&#8221;custom_link&#8221; img_link_target=&#8221;_blank&#8221; link=&#8221;https:\/\/www.acmagile.com\/en\/ahmet-ozcan&#8221;][vc_column_text]<\/p>\n<h2 style=\"text-align: center;\">Ahmet \u00d6zcan<\/h2>\n<h3 style=\"text-align: center;\">Agility Consultant<\/h3>\n<p>[\/vc_column_text][\/vc_column][vc_column width=&#8221;1\/3&#8243;][vc_single_image image=&#8221;60193&#8243; img_size=&#8221;medium&#8221; alignment=&#8221;center&#8221; style=&#8221;vc_box_shadow_border_circle_2&#8243; onclick=&#8221;custom_link&#8221; img_link_target=&#8221;_blank&#8221; link=&#8221;http:\/\/www.acmagile.com\/en\/akgun-yilmaz&#8221;][vc_column_text]<\/p>\n<h2 style=\"text-align: center;\">Akg\u00fcn Y\u0131lmaz<\/h2>\n<h3 style=\"text-align: center;\">Agility Consultant<\/h3>\n<p>[\/vc_column_text][\/vc_column][vc_column width=&#8221;1\/3&#8243;][vc_single_image image=&#8221;65499&#8243; img_size=&#8221;medium&#8221; alignment=&#8221;center&#8221; style=&#8221;vc_box_shadow_border_circle_2&#8243; onclick=&#8221;custom_link&#8221; img_link_target=&#8221;_blank&#8221; link=&#8221;https:\/\/www.acmagile.com\/en\/alkim-del-coco&#8221;][vc_column_text]<\/p>\n<h2 style=\"text-align: center;\">Alk\u0131m Del Coco<\/h2>\n<h3 style=\"text-align: center;\">Switzerland Business Partner<\/h3>\n<p>[\/vc_column_text][\/vc_column][vc_column width=&#8221;1\/3&#8243;][vc_single_image image=&#8221;61174&#8243; img_size=&#8221;medium&#8221; alignment=&#8221;center&#8221; style=&#8221;vc_box_shadow_border_circle_2&#8243; onclick=&#8221;custom_link&#8221; img_link_target=&#8221;_blank&#8221; link=&#8221;http:\/\/www.acmagile.com\/en\/alper-gurbuz&#8221;][vc_column_text]<\/p>\n<h2 style=\"text-align: center;\">Alper G\u00fcrb\u00fcz<\/h2>\n<h3 style=\"text-align: center;\">Agility Consultant<\/h3>\n<p>[\/vc_column_text][\/vc_column][vc_column width=&#8221;1\/3&#8243;][vc_single_image image=&#8221;61264&#8243; img_size=&#8221;medium&#8221; alignment=&#8221;center&#8221; style=&#8221;vc_box_shadow_border_circle_2&#8243; onclick=&#8221;custom_link&#8221; img_link_target=&#8221;_blank&#8221; link=&#8221;http:\/\/www.acmagile.com\/en\/aysegul-acar-terzioglu&#8221;][vc_column_text]<\/p>\n<h2 style=\"text-align: center;\">Ay\u015feg\u00fcl A\u00e7ar Terzio\u011flu<\/h2>\n<h3 style=\"text-align: center;\">Agility Consultant<\/h3>\n<p>[\/vc_column_text][\/vc_column][vc_column width=&#8221;1\/3&#8243;][vc_single_image image=&#8221;60226&#8243; img_size=&#8221;medium&#8221; alignment=&#8221;center&#8221; style=&#8221;vc_box_shadow_border_circle_2&#8243; onclick=&#8221;custom_link&#8221; img_link_target=&#8221;_blank&#8221; link=&#8221;http:\/\/www.acmagile.com\/en\/baris-bal&#8221;][vc_column_text]<\/p>\n<h2 style=\"text-align: center;\">Bar\u0131\u015f Bal<\/h2>\n<h3 style=\"text-align: center;\">Agility Consultant<\/h3>\n<p>[\/vc_column_text][\/vc_column][vc_column width=&#8221;1\/3&#8243;][vc_single_image image=&#8221;60012&#8243; img_size=&#8221;medium&#8221; alignment=&#8221;center&#8221; style=&#8221;vc_box_shadow_border_circle_2&#8243; onclick=&#8221;custom_link&#8221; img_link_target=&#8221;_blank&#8221; link=&#8221;http:\/\/www.acmagile.com\/en\/baris-yucel&#8221;][vc_column_text]<\/p>\n<h2 style=\"text-align: center;\">Bar\u0131\u015f Y\u00fccel<\/h2>\n<h3 style=\"text-align: center;\">Agility Consultant<\/h3>\n<p>[\/vc_column_text][\/vc_column][vc_column width=&#8221;1\/3&#8243;][vc_single_image image=&#8221;65645&#8243; img_size=&#8221;medium&#8221; alignment=&#8221;center&#8221; style=&#8221;vc_box_shadow_border_circle_2&#8243; onclick=&#8221;custom_link&#8221; img_link_target=&#8221;_blank&#8221; link=&#8221;https:\/\/www.acmagile.com\/en\/burak-goren&#8221;][vc_column_text]<\/p>\n<h2 style=\"text-align: center;\">Burak G\u00f6ren<\/h2>\n<h3 style=\"text-align: center;\">Agility Consultant<\/h3>\n<div id=\"gtx-trans\" style=\"position: absolute; left: 457px; top: -11.5781px;\">\n<div class=\"gtx-trans-icon\"><\/div>\n<\/div>\n<p>[\/vc_column_text][\/vc_column][vc_column width=&#8221;1\/3&#8243;][vc_single_image image=&#8221;62713&#8243; img_size=&#8221;medium&#8221; alignment=&#8221;center&#8221; style=&#8221;vc_box_shadow_border_circle_2&#8243; onclick=&#8221;custom_link&#8221; img_link_target=&#8221;_blank&#8221; link=&#8221;http:\/\/www.acmagile.com\/en\/caner-cinar&#8221;][vc_column_text]<\/p>\n<h2 style=\"text-align: center;\">Caner \u00c7\u0131nar<\/h2>\n<h3 style=\"text-align: center;\">Agility Consultant<\/h3>\n<p>[\/vc_column_text][\/vc_column][vc_column width=&#8221;1\/3&#8243;][vc_single_image image=&#8221;62475&#8243; img_size=&#8221;medium&#8221; alignment=&#8221;center&#8221; style=&#8221;vc_box_shadow_border_circle_2&#8243; onclick=&#8221;custom_link&#8221; img_link_target=&#8221;_blank&#8221; link=&#8221;http:\/\/www.acmagile.com\/en\/deniz-ozcan&#8221;][vc_column_text]<\/p>\n<h2 style=\"text-align: center;\">Deniz \u00d6zcan<\/h2>\n<h3 style=\"text-align: center;\">Agility Consultant<\/h3>\n<p>[\/vc_column_text][\/vc_column][vc_column width=&#8221;1\/3&#8243;][vc_single_image image=&#8221;63528&#8243; img_size=&#8221;medium&#8221; alignment=&#8221;center&#8221; style=&#8221;vc_box_shadow_border_circle_2&#8243; onclick=&#8221;custom_link&#8221; img_link_target=&#8221;_blank&#8221; link=&#8221;https:\/\/www.acmagile.com\/en\/deniz-uludag\/&#8221;][vc_column_text]<\/p>\n<h2 style=\"text-align: center;\">Deniz Uluda\u011f<\/h2>\n<h3 style=\"text-align: center;\">Agility Consultant<\/h3>\n<p>[\/vc_column_text][\/vc_column][vc_column width=&#8221;1\/3&#8243;][vc_single_image image=&#8221;55665&#8243; img_size=&#8221;medium&#8221; alignment=&#8221;center&#8221; style=&#8221;vc_box_shadow_border_circle_2&#8243; onclick=&#8221;custom_link&#8221; img_link_target=&#8221;_blank&#8221; link=&#8221;http:\/\/www.acmagile.com\/en\/duygu-balci&#8221;][vc_column_text]<\/p>\n<h2 style=\"text-align: center;\">Duygu Balc\u0131<\/h2>\n<h3 style=\"text-align: center;\">Agility Consultant<\/h3>\n<p>[\/vc_column_text][\/vc_column][vc_column width=&#8221;1\/3&#8243;][vc_single_image image=&#8221;55531&#8243; img_size=&#8221;medium&#8221; alignment=&#8221;center&#8221; style=&#8221;vc_box_shadow_border_circle_2&#8243; onclick=&#8221;custom_link&#8221; img_link_target=&#8221;_blank&#8221; link=&#8221;http:\/\/www.acmagile.com\/en\/emin-gurbuz&#8221;][vc_column_text]<\/p>\n<h2 style=\"text-align: center;\">Emin G\u00fcrb\u00fcz<\/h2>\n<h3 style=\"text-align: center;\">Agility Consultant<\/h3>\n<p>[\/vc_column_text][\/vc_column][vc_column width=&#8221;1\/3&#8243;][vc_single_image image=&#8221;65290&#8243; img_size=&#8221;medium&#8221; alignment=&#8221;center&#8221; style=&#8221;vc_box_shadow_border_circle_2&#8243; onclick=&#8221;custom_link&#8221; img_link_target=&#8221;_blank&#8221; link=&#8221;http:\/\/www.acmagile.com\/en\/enis-ozer&#8221;][vc_column_text]<\/p>\n<h2 style=\"text-align: center;\">Enis \u00d6zer<\/h2>\n<h3 style=\"text-align: center;\">Agility Consultant<\/h3>\n<div id=\"gtx-trans\" style=\"position: absolute; left: 294px; top: 78.8438px;\">\n<div class=\"gtx-trans-icon\"><\/div>\n<\/div>\n<p>[\/vc_column_text][\/vc_column][vc_column width=&#8221;1\/3&#8243;][vc_single_image image=&#8221;60494&#8243; img_size=&#8221;medium&#8221; alignment=&#8221;center&#8221; style=&#8221;vc_box_shadow_border_circle_2&#8243; onclick=&#8221;custom_link&#8221; img_link_target=&#8221;_blank&#8221; link=&#8221;https:\/\/www.acmagile.com\/en\/gozde-toker-kumbasar\/&#8221;][vc_column_text]<\/p>\n<h2 style=\"text-align: center;\">G\u00f6zde Toker Kumbasar<\/h2>\n<h3 style=\"text-align: center;\">Agility Consultant<\/h3>\n<p>[\/vc_column_text][\/vc_column][vc_column width=&#8221;1\/3&#8243;][vc_single_image image=&#8221;55337&#8243; img_size=&#8221;medium&#8221; alignment=&#8221;center&#8221; style=&#8221;vc_box_shadow_border_circle_2&#8243; onclick=&#8221;custom_link&#8221; img_link_target=&#8221;_blank&#8221; link=&#8221;http:\/\/www.acmagile.com\/en\/gulnur-bayhan&#8221;][vc_column_text]<\/p>\n<h2 style=\"text-align: center;\">G\u00fclnur Bayhan<\/h2>\n<h3 style=\"text-align: center;\">Agility Consultant<\/h3>\n<p>[\/vc_column_text][\/vc_column][vc_column width=&#8221;1\/3&#8243;][vc_single_image image=&#8221;65826&#8243; img_size=&#8221;medium&#8221; alignment=&#8221;center&#8221; style=&#8221;vc_box_shadow_border_circle_2&#8243; onclick=&#8221;custom_link&#8221; img_link_target=&#8221;_blank&#8221; link=&#8221;https:\/\/www.acmagile.com\/en\/mehmet-yigit-coskun\/&#8221;][vc_column_text]<\/p>\n<h2 style=\"text-align: center;\">Mehmet Yi\u011fit Co\u015fkun<\/h2>\n<h3 style=\"text-align: center;\">Agility Consultant<\/h3>\n<p>[\/vc_column_text][\/vc_column][vc_column width=&#8221;1\/3&#8243;][vc_single_image image=&#8221;60203&#8243; img_size=&#8221;medium&#8221; alignment=&#8221;center&#8221; style=&#8221;vc_box_shadow_border_circle_2&#8243; onclick=&#8221;custom_link&#8221; img_link_target=&#8221;_blank&#8221; link=&#8221;http:\/\/www.acmagile.com\/en\/mehmet-yitmen&#8221;][vc_column_text]<\/p>\n<h2 style=\"text-align: center;\">Mehmet Yitmen<\/h2>\n<h3 style=\"text-align: center;\">Agility Consultant<\/h3>\n<p>[\/vc_column_text][\/vc_column][vc_column width=&#8221;1\/3&#8243;][vc_single_image image=&#8221;64493&#8243; img_size=&#8221;medium&#8221; alignment=&#8221;center&#8221; style=&#8221;vc_box_shadow_border_circle_2&#8243; onclick=&#8221;custom_link&#8221; img_link_target=&#8221;_blank&#8221; link=&#8221;http:\/\/www.acmagile.com\/en\/melike-ak-sahin&#8221;][vc_column_text]<\/p>\n<h2 style=\"text-align: center;\">Melike Ak \u015eahin<\/h2>\n<h3 style=\"text-align: center;\">Agility Consultant<\/h3>\n<p>[\/vc_column_text][\/vc_column][vc_column width=&#8221;1\/3&#8243;][vc_single_image image=&#8221;63089&#8243; img_size=&#8221;medium&#8221; alignment=&#8221;center&#8221; style=&#8221;vc_box_shadow_border_circle_2&#8243; onclick=&#8221;custom_link&#8221; img_link_target=&#8221;_blank&#8221; link=&#8221;http:\/\/www.acmagile.com\/en\/murat-yurdakul&#8221;][vc_column_text]<\/p>\n<h2 style=\"text-align: center;\">Murat Yurdakul<\/h2>\n<h3 style=\"text-align: center;\">Agility Consultant<\/h3>\n<p>[\/vc_column_text][\/vc_column][vc_column width=&#8221;1\/3&#8243;][vc_single_image image=&#8221;57704&#8243; img_size=&#8221;medium&#8221; alignment=&#8221;center&#8221; style=&#8221;vc_box_shadow_border_circle_2&#8243; onclick=&#8221;custom_link&#8221; img_link_target=&#8221;_blank&#8221; link=&#8221;http:\/\/www.acmagile.com\/en\/mutlu-cicek&#8221;][vc_column_text]<\/p>\n<h2 style=\"text-align: center;\">Mutlu \u00c7i\u00e7ek<\/h2>\n<h3 style=\"text-align: center;\">Agility Consultant<\/h3>\n<p>[\/vc_column_text][\/vc_column][vc_column width=&#8221;1\/3&#8243;][vc_single_image image=&#8221;60480&#8243; img_size=&#8221;medium&#8221; alignment=&#8221;center&#8221; style=&#8221;vc_box_shadow_border_circle_2&#8243; onclick=&#8221;custom_link&#8221; img_link_target=&#8221;_blank&#8221; link=&#8221;http:\/\/www.acmagile.com\/en\/ozdemir-gungor&#8221;][vc_column_text]<\/p>\n<h2 style=\"text-align: center;\">\u00d6zdemir G\u00fcng\u00f6r<\/h2>\n<h3 style=\"text-align: center;\">Agility Consultant<\/h3>\n<p>[\/vc_column_text][\/vc_column][vc_column width=&#8221;1\/3&#8243;][vc_single_image image=&#8221;65525&#8243; img_size=&#8221;medium&#8221; alignment=&#8221;center&#8221; style=&#8221;vc_box_shadow_border_circle_2&#8243; onclick=&#8221;custom_link&#8221; img_link_target=&#8221;_blank&#8221; link=&#8221;http:\/\/www.acmagile.com\/en\/ozlem-celik&#8221;][vc_column_text]<\/p>\n<h2 style=\"text-align: center;\">\u00d6zlem \u00c7elik<\/h2>\n<h3 style=\"text-align: center;\">UK Business Partner<\/h3>\n<p>[\/vc_column_text][\/vc_column][vc_column width=&#8221;1\/3&#8243;][vc_single_image image=&#8221;65037&#8243; img_size=&#8221;medium&#8221; alignment=&#8221;center&#8221; style=&#8221;vc_box_shadow_border_circle_2&#8243; onclick=&#8221;custom_link&#8221; img_link_target=&#8221;_blank&#8221; link=&#8221;http:\/\/www.acmagile.com\/en\/seckin-karatas\/&#8221;][vc_column_text]<\/p>\n<h2 style=\"text-align: center;\">Se\u00e7kin Karata\u015f<\/h2>\n<h3 style=\"text-align: center;\">Agility Consultant<\/h3>\n<p>[\/vc_column_text][\/vc_column][vc_column width=&#8221;1\/3&#8243;][vc_single_image image=&#8221;61619&#8243; img_size=&#8221;medium&#8221; alignment=&#8221;center&#8221; style=&#8221;vc_box_shadow_border_circle_2&#8243; onclick=&#8221;custom_link&#8221; img_link_target=&#8221;_blank&#8221; link=&#8221;http:\/\/www.acmagile.com\/en\/sinan-okek&#8221;][vc_column_text]<\/p>\n<h2 style=\"text-align: center;\">Sinan \u00d6kek<\/h2>\n<h3 style=\"text-align: center;\">Agility Consultant<\/h3>\n<p>[\/vc_column_text][\/vc_column][vc_column width=&#8221;1\/3&#8243;][vc_single_image image=&#8221;55323&#8243; img_size=&#8221;medium&#8221; alignment=&#8221;center&#8221; style=&#8221;vc_box_shadow_border_circle_2&#8243; onclick=&#8221;custom_link&#8221; img_link_target=&#8221;_blank&#8221; link=&#8221;http:\/\/www.acmagile.com\/en\/tolga-kombak&#8221;][vc_column_text]<\/p>\n<h2 style=\"text-align: center;\">Tolga Kombak<\/h2>\n<h3 style=\"text-align: center;\">Agility Consultant<\/h3>\n<p>[\/vc_column_text][\/vc_column][vc_column width=&#8221;1\/3&#8243;][vc_single_image image=&#8221;57888&#8243; img_size=&#8221;medium&#8221; alignment=&#8221;center&#8221; style=&#8221;vc_box_shadow_border_circle_2&#8243; onclick=&#8221;custom_link&#8221; img_link_target=&#8221;_blank&#8221; link=&#8221;http:\/\/www.acmagile.com\/en\/tugce-boyaci&#8221;][vc_column_text]<\/p>\n<h2 style=\"text-align: center;\">Tu\u011f\u00e7e Boyac\u0131<\/h2>\n<h3 style=\"text-align: center;\">Agility Consultant<\/h3>\n<p>[\/vc_column_text][\/vc_column][vc_column width=&#8221;1\/3&#8243;][vc_single_image image=&#8221;55888&#8243; img_size=&#8221;medium&#8221; alignment=&#8221;center&#8221; style=&#8221;vc_box_shadow_border_circle_2&#8243; onclick=&#8221;custom_link&#8221; img_link_target=&#8221;_blank&#8221; link=&#8221;http:\/\/www.acmagile.com\/en\/umut-arisoy&#8221;][vc_column_text]<\/p>\n<h2 style=\"text-align: center;\">Umut Ar\u0131soy<\/h2>\n<h3 style=\"text-align: center;\">Agility Consultant<\/h3>\n<p>[\/vc_column_text][\/vc_column][\/vc_row]<\/p>\n","protected":false},"excerpt":{"rendered":"<p>[vc_row][vc_column][vc_custom_heading text=&#8221;OUR CONSULTANTS AND BUSINESS PARTNERS&#8221; font_container=&#8221;tag:h1|text_align:center&#8221; use_theme_fonts=&#8221;yes&#8221;][vc_empty_space][\/vc_column][\/vc_row][vc_row equal_height=&#8221;yes&#8221;][vc_column width=&#8221;1\/3&#8243;][vc_single_image image=&#8221;55581&#8243; img_size=&#8221;medium&#8221; alignment=&#8221;center&#8221; style=&#8221;vc_box_shadow_border_circle_2&#8243; onclick=&#8221;custom_link&#8221; img_link_target=&#8221;_blank&#8221; link=&#8221;http:\/\/www.acmagile.com\/en\/ahmet-akdag&#8221;][vc_column_text] Ahmet Akda\u011f Agility Consultant [\/vc_column_text][\/vc_column][vc_column width=&#8221;1\/3&#8243;][vc_single_image image=&#8221;58419&#8243; img_size=&#8221;medium&#8221; alignment=&#8221;center&#8221; style=&#8221;vc_box_shadow_border_circle_2&#8243; onclick=&#8221;custom_link&#8221; img_link_target=&#8221;_blank&#8221; link=&#8221;https:\/\/www.acmagile.com\/en\/ahmet-ozcan&#8221;][vc_column_text] Ahmet \u00d6zcan Agility Consultant [\/vc_column_text][\/vc_column][vc_column width=&#8221;1\/3&#8243;][vc_single_image image=&#8221;60193&#8243; img_size=&#8221;medium&#8221; alignment=&#8221;center&#8221; style=&#8221;vc_box_shadow_border_circle_2&#8243; onclick=&#8221;custom_link&#8221; img_link_target=&#8221;_blank&#8221; link=&#8221;http:\/\/www.acmagile.com\/en\/akgun-yilmaz&#8221;][vc_column_text] Akg\u00fcn Y\u0131lmaz Agility Consultant [\/vc_column_text][\/vc_column][vc_column width=&#8221;1\/3&#8243;][vc_single_image image=&#8221;65499&#8243; img_size=&#8221;medium&#8221; alignment=&#8221;center&#8221; style=&#8221;vc_box_shadow_border_circle_2&#8243; onclick=&#8221;custom_link&#8221; img_link_target=&#8221;_blank&#8221;&hellip;<\/p>\n","protected":false},"author":4,"featured_media":0,"parent":0,"menu_order":0,"comment_status":"closed","ping_status":"closed","template":"","meta":[],"_links":{"self":[{"href":"https:\/\/old.acmagile.com\/en\/wp-json\/wp\/v2\/pages\/57239"}],"collection":[{"href":"https:\/\/old.acmagile.com\/en\/wp-json\/wp\/v2\/pages"}],"about":[{"href":"https:\/\/old.acmagile.com\/en\/wp-json\/wp\/v2\/types\/page"}],"author":[{"embeddable":true,"href":"https:\/\/old.acmagile.com\/en\/wp-json\/wp\/v2\/users\/4"}],"replies":[{"embeddable":true,"href":"https:\/\/old.acmagile.com\/en\/wp-json\/wp\/v2\/comments?post=57239"}],"version-history":[{"count":11,"href":"https:\/\/old.acmagile.com\/en\/wp-json\/wp\/v2\/pages\/57239\/revisions"}],"predecessor-version":[{"id":65652,"href":"https:\/\/old.acmagile.com\/en\/wp-json\/wp\/v2\/pages\/57239\/revisions\/65652"}],"wp:attachment":[{"href":"https:\/\/old.acmagile.com\/en\/wp-json\/wp\/v2\/media?parent=57239"}],"curies":[{"name":"wp","href":"https:\/\/api.w.org\/{rel}","templated":true}]}}