{"id":56263,"date":"2018-07-19T12:44:07","date_gmt":"2018-07-19T12:44:07","guid":{"rendered":"http:\/\/www.acmagile.com\/uluslararasi-sertifikali-kanban-scrum-egitimi\/"},"modified":"2019-11-18T20:58:30","modified_gmt":"2019-11-18T20:58:30","slug":"professional-scrum-with-kanban-training","status":"publish","type":"page","link":"https:\/\/old.acmagile.com\/en\/professional-scrum-with-kanban-training\/","title":{"rendered":"Professional Scrum with Kanban E\u011fitimi (PSK)"},"content":{"rendered":"<p>[vc_row][vc_column][vc_custom_heading text=&#8221;Professional Scrum with Kanban E\u011fitimi (PSK)<br \/>\n(2 Days)&#8221; font_container=&#8221;tag:h1|font_size:40|text_align:center&#8221; google_fonts=&#8221;font_family:Roboto%3A100%2C100italic%2C300%2C300italic%2Cregular%2Citalic%2C500%2C500italic%2C700%2C700italic%2C900%2C900italic|font_style:400%20regular%3A400%3Anormal&#8221;][\/vc_column][\/vc_row][vc_row][vc_column][vc_empty_space height=&#8221;50&#8243;][\/vc_column][\/vc_row][vc_row full_width=&#8221;stretch_row&#8221; bg_type=&#8221;bg_color&#8221; bg_color_value=&#8221;#e0e0e0&#8243;][vc_column width=&#8221;1\/6&#8243;][\/vc_column][vc_column width=&#8221;1\/6&#8243;][vc_empty_space][vc_single_image image=&#8221;55972&#8243; img_size=&#8221;large&#8221; alignment=&#8221;center&#8221;][\/vc_column][vc_column width=&#8221;3\/6&#8243;][vc_empty_space][vc_column_text]<\/p>\n<h2 style=\"text-align: center;\"><strong>Solidify Your Knowledge Through Practice<\/strong><\/h2>\n<p style=\"text-align: center;\">Professional Scrum with Kanban\u2122 (PSK) is a 2-day course that teaches Scrum practitioners how to apply Kanban practices to their work. Through theory, case studies, and hands-on exercises, participants will understand the importance of transparency and flow as it pertains to the Scrum framework.<\/p>\n<p style=\"text-align: center;\">Scrum is the defacto standard for how Agile teams work. \u00a0Scrum exists only in its entirety and functions well as a container for other techniques and practices. \u00a0Scrum Teams keep improving how they work, based on what they learn by inspecting and adapting on an ongoing basis.<\/p>\n<p>[\/vc_column_text][\/vc_column][vc_column width=&#8221;1\/6&#8243;][\/vc_column][\/vc_row][vc_row][vc_column]<div class=\"ult_row_spacer\"><div class=\"ult-sticky-anchor\"><div class=\"ult-sticky-section ult-sticky \"  data-gutter= '0' data-stick_behaviour= 'stick_permanent' data-lr_position= 'left' data-lr_value= '0'  data-sticky_width= 'fullwidth' data-sticky_position= 'bottom' data-mobile='yes' data-support='no'><style type=\"text\/css\" data-type=\"the7_shortcodes-inline-css\">#default-btn-f66a3dd171f5aa87b3172e3f20b2860a {\n  border-radius: 0px;\n  font-size: 18px;\n}\n.btn-shadow#default-btn-f66a3dd171f5aa87b3172e3f20b2860a {\n  -webkit-box-shadow: 0 1px 6px rgba(0,0,0,0.12);\n  box-shadow: 0 1px 6px rgba(0,0,0,0.12);\n  -webkit-transition: -webkit-box-shadow 0.2s ease-out, opacity 0.45s;\n  transition: box-shadow 0.2s ease-out, opacity 0.45s;\n}\n.btn-shadow#default-btn-f66a3dd171f5aa87b3172e3f20b2860a:hover {\n  -webkit-box-shadow: 0 5px 11px 0 rgba(0,0,0,0.18), 0 4px 15px 0 rgba(0,0,0,0.15);\n  box-shadow: 0 5px 11px 0 rgba(0,0,0,0.18), 0 4px 15px 0 rgba(0,0,0,0.15);\n}\n.btn-3d#default-btn-f66a3dd171f5aa87b3172e3f20b2860a:hover {\n  box-shadow: 0px 2px 0px 0px #669f3c;\n}\n.btn-flat#default-btn-f66a3dd171f5aa87b3172e3f20b2860a {\n  -webkit-box-shadow: none;\n  box-shadow: none;\n}\n.btn-flat#default-btn-f66a3dd171f5aa87b3172e3f20b2860a:hover {\n  -webkit-box-shadow: none;\n  box-shadow: none;\n}\n#default-btn-f66a3dd171f5aa87b3172e3f20b2860a.ico-right-side > i {\n  margin-right: 0px;\n  margin-left: 8px;\n}\n#default-btn-f66a3dd171f5aa87b3172e3f20b2860a > i {\n  margin-right: 8px;\n  font-size: 18px;\n}\n#default-btn-f66a3dd171f5aa87b3172e3f20b2860a:not(:hover) {\n  border-width: 0px;\n  padding: 16px 24px 16px 24px;\n}\n#default-btn-f66a3dd171f5aa87b3172e3f20b2860a:hover {\n  border-width: 0px;\n  background: #81d742 !important;\n  padding: 16px 24px 16px 24px;\n}\n#default-btn-f66a3dd171f5aa87b3172e3f20b2860a * {\n  vertical-align: middle;\n}\n<\/style><a href=\"#\" class=\"default-btn-shortcode dt-btn bounce animate-element animation-builder link-hover-off anchor-link popmake-54919 btn-inline-left btn-flat \" id=\"default-btn-f66a3dd171f5aa87b3172e3f20b2860a\" style=\"width:300px;\"><span>Contact Us<\/span><\/a><\/div><div class=\"ult-space\"><\/div><\/div><\/div>[vc_empty_space height=&#8221;30&#8243;][\/vc_column][\/vc_row][vc_row][vc_column width=&#8221;1\/6&#8243;][\/vc_column][vc_column width=&#8221;2\/6&#8243;][vc_single_image image=&#8221;52646&#8243; img_size=&#8221;full&#8221; alignment=&#8221;center&#8221;][vc_cta h2=&#8221;&#8221; h2_font_container=&#8221;font_size:25&#8243; h2_google_fonts=&#8221;font_family:Roboto%3A100%2C100italic%2C300%2C300italic%2Cregular%2Citalic%2C500%2C500italic%2C700%2C700italic%2C900%2C900italic|font_style:400%20regular%3A400%3Anormal&#8221; h4=&#8221;General Manager of Technology, Yap\u0131 Kredi&#8221; h4_google_fonts=&#8221;font_family:Roboto%3A100%2C100italic%2C300%2C300italic%2Cregular%2Citalic%2C500%2C500italic%2C700%2C700italic%2C900%2C900italic|font_style:400%20regular%3A400%3Anormal&#8221; use_custom_fonts_h2=&#8221;true&#8221; use_custom_fonts_h4=&#8221;true&#8221;]<\/p>\n<h5><em>Everybody developed an awareness of Agile. We understood that the jobs we did can also be done in some other way. This made us question how we can we do our job in a better and simpler way . Another gain was start of establishment of the value-oriented perspective while realizing the projects ACM guided us on how the transformation can be done.\u00a0<a href=\"http:\/\/acmagile.com\/yazilar\/yapi-kredi-teknoloji-gn-md-mustafa-dundar-ile-roportaj\/\">Click<\/a>\u00a0to read more.<\/em><\/h5>\n<p>[\/vc_cta][\/vc_column][vc_column width=&#8221;2\/6&#8243;][vc_single_image image=&#8221;52647&#8243; img_size=&#8221;full&#8221; alignment=&#8221;center&#8221;][vc_cta h2=&#8221;&#8221; h2_font_container=&#8221;font_size:25&#8243; h2_google_fonts=&#8221;font_family:Roboto%3A100%2C100italic%2C300%2C300italic%2Cregular%2Citalic%2C500%2C500italic%2C700%2C700italic%2C900%2C900italic|font_style:400%20regular%3A400%3Anormal&#8221; h4=&#8221;Software Specialist, OBASE&#8221; h4_google_fonts=&#8221;font_family:Roboto%3A100%2C100italic%2C300%2C300italic%2Cregular%2Citalic%2C500%2C500italic%2C700%2C700italic%2C900%2C900italic|font_style:400%20regular%3A400%3Anormal&#8221; use_custom_fonts_h2=&#8221;true&#8221; use_custom_fonts_h4=&#8221;true&#8221;]<\/p>\n<h5><em>I had prejudices about Scrum when I attended the Agile Project Management and Scrum Management, then I got rid of my prejudices through this training.\u00a0I think it&#8217;s the philosophy that best emphasizes on the importance of being a team.<\/em><\/h5>\n<p>[\/vc_cta][\/vc_column][vc_column width=&#8221;1\/6&#8243;][\/vc_column][\/vc_row][vc_row][vc_column][vc_empty_space height=&#8221;30&#8243;][\/vc_column][\/vc_row][vc_row][vc_column width=&#8221;1\/6&#8243;][\/vc_column][vc_column width=&#8221;4\/6&#8243;][vc_message color=&#8221;success&#8221; message_box_color=&#8221;success&#8221; icon_fontawesome=&#8221;fa fa-check&#8221;]PMP sertifikas\u0131na sahip olanlar art\u0131k 2 g\u00fcnl\u00fck Uluslararas\u0131 Sertifikal\u0131 Kanban ile Profesyonel Scrum E\u011fitiminden 14 PDU kazan\u0131yor.[\/vc_message][\/vc_column][vc_column width=&#8221;1\/6&#8243;][\/vc_column][\/vc_row][vc_row][vc_column width=&#8221;1\/6&#8243;][\/vc_column][vc_column width=&#8221;4\/6&#8243;][vc_video link=&#8221;&#8221;][\/vc_column][vc_column width=&#8221;1\/6&#8243;][\/vc_column][\/vc_row][vc_row][vc_column width=&#8221;1\/6&#8243;][\/vc_column][vc_column width=&#8221;4\/6&#8243;][vc_custom_heading text=&#8221;Benefits of The Training&#8221; font_container=&#8221;tag:h2|font_size:30|text_align:center&#8221; google_fonts=&#8221;font_family:Roboto%3A100%2C100italic%2C300%2C300italic%2Cregular%2Citalic%2C500%2C500italic%2C700%2C700italic%2C900%2C900italic|font_style:400%20regular%3A400%3Anormal&#8221;][vc_column_text]In this class, students will learn how\u00a0additional practices from Kanban can be introduced into their Scrum Teams without changing Scrum. \u00a0They will learn how to add the right practices and the benefits that their Scrum Teams can achieve from using Scrum with Kanban.<\/p>\n<p>All participants completing the Professional Scrum with Kanban course will receive a password to attempt the\u00a0Professional Scrum with Kanban I (PSK-I) assessment. If you attempt the PSK I assessment within 14 days and do not score at least 85%, you will be granted a 2nd attempt at no additional cost.[\/vc_column_text][\/vc_column][vc_column width=&#8221;1\/6&#8243;][\/vc_column][\/vc_row][vc_row full_width=&#8221;stretch_row&#8221; bg_type=&#8221;bg_color&#8221; bg_color_value=&#8221;#f4f4f4&#8243; css=&#8221;.vc_custom_1556872495320{padding-bottom: 20px !important;}&#8221;][vc_column width=&#8221;1\/6&#8243;][\/vc_column][vc_column width=&#8221;2\/3&#8243;][vc_custom_heading text=&#8221;Content of The Training&#8221; font_container=&#8221;tag:h2|font_size:30|text_align:center&#8221; google_fonts=&#8221;font_family:Roboto%3A100%2C100italic%2C300%2C300italic%2Cregular%2Citalic%2C500%2C500italic%2C700%2C700italic%2C900%2C900italic|font_style:400%20regular%3A400%3Anormal&#8221;][vc_row_inner][vc_column_inner width=&#8221;1\/2&#8243; css=&#8221;.vc_custom_1556872638167{margin-bottom: -25px !important;}&#8221;][vc_column_text]Scrum.org and our Professional Scrum Trainers have worked with\u00a0<a href=\"https:\/\/www.actionableagile.com\/\">Daniel Vacanti<\/a>\u00a0and\u00a0<a href=\"https:\/\/www.scrum.org\/yuval-yeret\">Yuval Yeret<\/a>\u00a0in the creation of this course, leveraging their Kanban expertise and knowledge. \u00a0In 2007 Daniel helped to develop the Kanban Method for knowledge work. He managed the world\u2019s first project implementation of Kanban that year, and has been conducting Kanban training, coaching, and consulting ever since.\u00a0\u00a0Yuval, who some call &#8220;Mr. Kanban Israel&#8221; is a recipient of the Lean Kanban community\u00a0<a href=\"https:\/\/leankanban.com\/about\/brickell-key\/\">Brickell Key Award<\/a> for his work helping establish a strong Kanban community with several enterprise product developments in Israel and worldwide.[\/vc_column_text][\/vc_column_inner][vc_column_inner width=&#8221;1\/2&#8243;][vc_column_text]He has been helping companies large and small around the world with\u00a0Scrum and Kanban since 2009 and his book\u00a0<a href=\"https:\/\/leanpub.com\/holylandkanbanbestof\">&#8220;Holy Land Kanban&#8221;<\/a> contains many of his stories from the trenches.<\/p>\n<p>In addition to the new course, Scrum.org has also released a number of assets to learn more about Scrum with Kanban in the Scrum.org\u00a0<a href=\"https:\/\/www.scrum.org\/resources?search=kanban\">Resource Center<\/a>\u00a0and read the\u00a0<a href=\"https:\/\/www.scrum.org\/resources\/kanban-guide-scrum-teams\">Kanban Guide for Scrum Teams<\/a>. These assets provide best practices and guidance for Scrum Teams looking to add Kanban practices to how they work today.[\/vc_column_text][\/vc_column_inner][\/vc_row_inner][\/vc_column][vc_column width=&#8221;1\/6&#8243;][\/vc_column][\/vc_row][vc_row][vc_column width=&#8221;1\/6&#8243;][\/vc_column][vc_column width=&#8221;4\/6&#8243;][vc_custom_heading text=&#8221;Who Should Attend&#8221; font_container=&#8221;tag:h2|font_size:30|text_align:center&#8221; google_fonts=&#8221;font_family:Roboto%3A100%2C100italic%2C300%2C300italic%2Cregular%2Citalic%2C500%2C500italic%2C700%2C700italic%2C900%2C900italic|font_style:400%20regular%3A400%3Anormal&#8221;][vc_column_text]The Professional Scrum with Kanban training is for anyone doing Scrum. It is particularly beneficial for those people within an organization who use Scrum to deliver products to market including Product Owners, Development Team Members and Scrum Masters.[\/vc_column_text][\/vc_column][vc_column width=&#8221;1\/6&#8243;][\/vc_column][\/vc_row][vc_row][vc_column width=&#8221;1\/6&#8243;][\/vc_column][vc_column width=&#8221;2\/6&#8243;][vc_single_image image=&#8221;52648&#8243; img_size=&#8221;full&#8221; alignment=&#8221;center&#8221;][vc_cta h2=&#8221;&#8221; h2_font_container=&#8221;font_size:25&#8243; h2_google_fonts=&#8221;font_family:Roboto%3A100%2C100italic%2C300%2C300italic%2Cregular%2Citalic%2C500%2C500italic%2C700%2C700italic%2C900%2C900italic|font_style:400%20regular%3A400%3Anormal&#8221; h4=&#8221;Vice President, Fraud Management at BKM&#8221; h4_google_fonts=&#8221;font_family:Roboto%3A100%2C100italic%2C300%2C300italic%2Cregular%2Citalic%2C500%2C500italic%2C700%2C700italic%2C900%2C900italic|font_style:400%20regular%3A400%3Anormal&#8221; use_custom_fonts_h2=&#8221;true&#8221; use_custom_fonts_h4=&#8221;true&#8221;]<\/p>\n<h5><em>In the Product Backlog Management Training I participated in, I saw many processes that are being wrongly implemented .\u00a0I got an idea about the critical points in Backlog management and management of Scrum teams.<\/em><\/h5>\n<p>[\/vc_cta][vc_single_image image=&#8221;52649&#8243; img_size=&#8221;full&#8221; alignment=&#8221;center&#8221;][vc_cta h2=&#8221;&#8221; h2_font_container=&#8221;font_size:25&#8243; h2_google_fonts=&#8221;font_family:Roboto%3A100%2C100italic%2C300%2C300italic%2Cregular%2Citalic%2C500%2C500italic%2C700%2C700italic%2C900%2C900italic|font_style:400%20regular%3A400%3Anormal&#8221; h4=&#8221;Project Manager, Yemeksepeti&#8221; h4_google_fonts=&#8221;font_family:Roboto%3A100%2C100italic%2C300%2C300italic%2Cregular%2Citalic%2C500%2C500italic%2C700%2C700italic%2C900%2C900italic|font_style:400%20regular%3A400%3Anormal&#8221; use_custom_fonts_h2=&#8221;true&#8221; use_custom_fonts_h4=&#8221;true&#8221;]<\/p>\n<h5><em>&#8220;We received the training 1.5 year ago with the entire IT team.\u00a0The training met our expectations, it conveyed us the necessary knowledge and mindset to start the process change.&#8221;<\/em><\/h5>\n<p>[\/vc_cta][\/vc_column][vc_column width=&#8221;2\/6&#8243;][vc_single_image image=&#8221;52650&#8243; img_size=&#8221;full&#8221; alignment=&#8221;center&#8221;][vc_cta h2=&#8221;&#8221; h2_font_container=&#8221;font_size:25&#8243; h2_google_fonts=&#8221;font_family:Roboto%3A100%2C100italic%2C300%2C300italic%2Cregular%2Citalic%2C500%2C500italic%2C700%2C700italic%2C900%2C900italic|font_style:400%20regular%3A400%3Anormal&#8221; h4=&#8221;Basic Banking Business Development, Denizbank&#8221; h4_google_fonts=&#8221;font_family:Roboto%3A100%2C100italic%2C300%2C300italic%2Cregular%2Citalic%2C500%2C500italic%2C700%2C700italic%2C900%2C900italic|font_style:400%20regular%3A400%3Anormal&#8221; use_custom_fonts_h2=&#8221;true&#8221; use_custom_fonts_h4=&#8221;true&#8221;]<\/p>\n<h5><em>&#8220;I had previously participated in the\u00a0<a href=\"http:\/\/acmagile.com\/yazilar\/scrum-nedir\/\">Scrum<\/a>\u00a0training given by another educational institution .\u00a0While the things told in the training sounded very logical, I had a lot of difficulty in putting into practice what I learned since no information was given on how\u00a0<a href=\"http:\/\/acmagile.com\/yazilar\/scrum-nedir\/\">Scrum<\/a>\u00a0can be implemented in real life.\u00a0Thanks to the ACM training I participated in a while later, I learned from end to end how\u00a0<a href=\"http:\/\/acmagile.com\/yazilar\/scrum-nedir\/\">Scrum<\/a>\u00a0should be implemented in a project and the errors frequently made during implementation.\u00a0Now, I can recommend implementing\u00a0<a href=\"http:\/\/acmagile.com\/yazilar\/scrum-nedir\/\">Scrum<\/a>\u00a0in all our projects to the management without hesitation.&#8221;<\/em><\/h5>\n<p>[\/vc_cta][\/vc_column][vc_column width=&#8221;1\/6&#8243;][\/vc_column][\/vc_row]<\/p>\n","protected":false},"excerpt":{"rendered":"<p>[vc_row][vc_column][vc_custom_heading text=&#8221;Professional Scrum with Kanban E\u011fitimi (PSK) (2 Days)&#8221; font_container=&#8221;tag:h1|font_size:40|text_align:center&#8221; google_fonts=&#8221;font_family:Roboto%3A100%2C100italic%2C300%2C300italic%2Cregular%2Citalic%2C500%2C500italic%2C700%2C700italic%2C900%2C900italic|font_style:400%20regular%3A400%3Anormal&#8221;][\/vc_column][\/vc_row][vc_row][vc_column][vc_empty_space height=&#8221;50&#8243;][\/vc_column][\/vc_row][vc_row full_width=&#8221;stretch_row&#8221; bg_type=&#8221;bg_color&#8221; bg_color_value=&#8221;#e0e0e0&#8243;][vc_column width=&#8221;1\/6&#8243;][\/vc_column][vc_column width=&#8221;1\/6&#8243;][vc_empty_space][vc_single_image image=&#8221;55972&#8243; img_size=&#8221;large&#8221; alignment=&#8221;center&#8221;][\/vc_column][vc_column width=&#8221;3\/6&#8243;][vc_empty_space][vc_column_text] Solidify Your Knowledge Through Practice Professional Scrum with Kanban\u2122 (PSK) is a 2-day course that teaches Scrum practitioners how to apply Kanban practices to their work. Through theory, case studies, and hands-on exercises, participants&hellip;<\/p>\n","protected":false},"author":1,"featured_media":0,"parent":0,"menu_order":0,"comment_status":"closed","ping_status":"closed","template":"","meta":[],"_links":{"self":[{"href":"https:\/\/old.acmagile.com\/en\/wp-json\/wp\/v2\/pages\/56263"}],"collection":[{"href":"https:\/\/old.acmagile.com\/en\/wp-json\/wp\/v2\/pages"}],"about":[{"href":"https:\/\/old.acmagile.com\/en\/wp-json\/wp\/v2\/types\/page"}],"author":[{"embeddable":true,"href":"https:\/\/old.acmagile.com\/en\/wp-json\/wp\/v2\/users\/1"}],"replies":[{"embeddable":true,"href":"https:\/\/old.acmagile.com\/en\/wp-json\/wp\/v2\/comments?post=56263"}],"version-history":[{"count":0,"href":"https:\/\/old.acmagile.com\/en\/wp-json\/wp\/v2\/pages\/56263\/revisions"}],"wp:attachment":[{"href":"https:\/\/old.acmagile.com\/en\/wp-json\/wp\/v2\/media?parent=56263"}],"curies":[{"name":"wp","href":"https:\/\/api.w.org\/{rel}","templated":true}]}}