{"id":56225,"date":"2017-10-30T16:45:03","date_gmt":"2017-10-30T14:45:03","guid":{"rendered":"http:\/\/www.acmagile.com\/agile-for-bank-leaders\/"},"modified":"2018-09-03T10:08:26","modified_gmt":"2018-09-03T10:08:26","slug":"bank-leaders-agile","status":"publish","type":"page","link":"https:\/\/old.acmagile.com\/en\/bank-leaders-agile\/","title":{"rendered":"Agile for Bank Leaders"},"content":{"rendered":"<p>[vc_row][vc_column][vc_custom_heading text=&#8221;Agile for Bank Leaders (1 Day)&#8221; font_container=&#8221;tag:h2|font_size:40|text_align:center&#8221; google_fonts=&#8221;font_family:Roboto%3A100%2C100italic%2C300%2C300italic%2Cregular%2Citalic%2C500%2C500italic%2C700%2C700italic%2C900%2C900italic|font_style:400%20regular%3A400%3Anormal&#8221;][\/vc_column][\/vc_row][vc_row][vc_column][vc_empty_space height=&#8221;50&#8243;][\/vc_column][\/vc_row][vc_row full_width=&#8221;stretch_row&#8221; bg_type=&#8221;bg_color&#8221; bg_color_value=&#8221;#e0e0e0&#8243;][vc_column width=&#8221;1\/6&#8243;][\/vc_column][vc_column width=&#8221;1\/6&#8243;][vc_empty_space][vc_single_image image=&#8221;56448&#8243; img_size=&#8221;large&#8221; alignment=&#8221;center&#8221;][\/vc_column][vc_column width=&#8221;3\/6&#8243;][vc_empty_space][vc_column_text][\/vc_column_text][\/vc_column][vc_column width=&#8221;1\/6&#8243;][\/vc_column][\/vc_row][vc_row][vc_column]<div class=\"ult_row_spacer\"><div class=\"ult-sticky-anchor\"><div class=\"ult-sticky-section ult-sticky \"  data-gutter= '0' data-stick_behaviour= 'stick_permanent' data-lr_position= 'left' data-lr_value= '0'  data-sticky_width= 'fullwidth' data-sticky_position= 'bottom' data-mobile='yes' data-support='no'><style type=\"text\/css\" data-type=\"the7_shortcodes-inline-css\">#default-btn-a8b2581eccc57f705bd6b937dfff28ed * {\n  vertical-align: middle;\n}\n<\/style><a href=\"#\" class=\"default-btn-shortcode dt-btn dt-btn-l bounce animate-element animation-builder link-hover-off anchor-link popmake-54919 btn-inline-left \" id=\"default-btn-a8b2581eccc57f705bd6b937dfff28ed\" style=\"width:300px;\"><span>Bilgi almak i\u00e7in t\u0131klay\u0131n\u0131z!<\/span><\/a><\/div><div class=\"ult-space\"><\/div><\/div><\/div>[vc_empty_space height=&#8221;30&#8243;][\/vc_column][\/vc_row][vc_row][vc_column width=&#8221;1\/6&#8243;][\/vc_column][vc_column width=&#8221;2\/6&#8243;][vc_single_image image=&#8221;52646&#8243; img_size=&#8221;full&#8221; alignment=&#8221;center&#8221;][vc_cta h2=&#8221;&#8221; h2_font_container=&#8221;font_size:25&#8243; h2_google_fonts=&#8221;font_family:Roboto%3A100%2C100italic%2C300%2C300italic%2Cregular%2Citalic%2C500%2C500italic%2C700%2C700italic%2C900%2C900italic|font_style:400%20regular%3A400%3Anormal&#8221; h4=&#8221;General Manager of Technology, Yap\u0131 Kredi&#8221; h4_google_fonts=&#8221;font_family:Roboto%3A100%2C100italic%2C300%2C300italic%2Cregular%2Citalic%2C500%2C500italic%2C700%2C700italic%2C900%2C900italic|font_style:400%20regular%3A400%3Anormal&#8221; use_custom_fonts_h2=&#8221;true&#8221; use_custom_fonts_h4=&#8221;true&#8221;]<\/p>\n<h5><em>Everybody developed an awareness of Agile. We understood that the jobs we did can also be carried out in some other way .It has led us to question how we can do this job better and in a lean manner Another gain was that the value-oriented perspective settled while implementing the projects. ACM guided us on how the transformation can be done.\u00a0<a href=\"http:\/\/acmagile.com\/yazilar\/yapi-kredi-teknoloji-gn-md-mustafa-dundar-ile-roportaj\/\">Click<\/a>\u00a0to read more.<\/em><\/h5>\n<p>[\/vc_cta][\/vc_column][vc_column width=&#8221;2\/6&#8243;][vc_single_image image=&#8221;52647&#8243; img_size=&#8221;full&#8221; alignment=&#8221;center&#8221;][vc_cta h2=&#8221;&#8221; h2_font_container=&#8221;font_size:25&#8243; h2_google_fonts=&#8221;font_family:Roboto%3A100%2C100italic%2C300%2C300italic%2Cregular%2Citalic%2C500%2C500italic%2C700%2C700italic%2C900%2C900italic|font_style:400%20regular%3A400%3Anormal&#8221; h4=&#8221;Software Specialist, OBASE&#8221; h4_google_fonts=&#8221;font_family:Roboto%3A100%2C100italic%2C300%2C300italic%2Cregular%2Citalic%2C500%2C500italic%2C700%2C700italic%2C900%2C900italic|font_style:400%20regular%3A400%3Anormal&#8221; use_custom_fonts_h2=&#8221;true&#8221; use_custom_fonts_h4=&#8221;true&#8221;]<\/p>\n<h5><em>I had prejudices about Scrum but when I attended the Agile Project Management and Scrum Management, I was able to get rid of my prejudices through this training.\u00a0I think it&#8217;s the philosophy that best emphasizes the importance of being a team.<\/em><\/h5>\n<p>[\/vc_cta][\/vc_column][vc_column width=&#8221;1\/6&#8243;][\/vc_column][\/vc_row][vc_row][vc_column][vc_empty_space height=&#8221;30&#8243;][\/vc_column][\/vc_row][vc_row][vc_column width=&#8221;1\/6&#8243;][\/vc_column][vc_column width=&#8221;4\/6&#8243;][vc_custom_heading text=&#8221;Benefits of The Training&#8221; font_container=&#8221;tag:h2|font_size:30|text_align:center&#8221; google_fonts=&#8221;font_family:Roboto%3A100%2C100italic%2C300%2C300italic%2Cregular%2Citalic%2C500%2C500italic%2C700%2C700italic%2C900%2C900italic|font_style:400%20regular%3A400%3Anormal&#8221;][vc_column_text]<strong>PURPOSE OF TRAINING<\/strong><\/p>\n<p>In today&#8217;s constantly changing world, we are expected as institutions, businesses and individuals; to be able to adapt quickly to changes through agile approaches and to manage these changes in a way that creates quality and value.<\/p>\n<p>.In the banking sector, where risk and competition are particularly high, the importance of acquiring this skill is increasing day by day in order to provide better quality services to customers and to ensure sustainable profitable growth.<\/p>\n<p>However , it is not so easy for these big corporate structures managed with processes based on certain systems and dominated by conventional management models to adopt the agile management approaches and implement them in their processes.<\/p>\n<p>Our aim through this training is to ensure that you are informed about:<\/p>\n<ul>\n<li>How they can produce more efficient outcomes with competitive advantage,<\/li>\n<li>Advanced, practical knowledge and tools to gain the agility understanding and skill,<\/li>\n<li>Agility management approaches which respond to today&#8217;s expectations and needs more quickly and successfully compared to the conventional management understanding, and how these can be implemented within the entity,<\/li>\n<li>Not only the processes, but also the human-focused agile management approach, how to create teams that can self-manage and increase professionalism<\/li>\n<\/ul>\n<p>[\/vc_column_text][\/vc_column][vc_column width=&#8221;1\/6&#8243;][\/vc_column][\/vc_row][vc_row][vc_column][vc_custom_heading text=&#8221;Content of The Training&#8221; font_container=&#8221;tag:h2|font_size:30|text_align:center&#8221; google_fonts=&#8221;font_family:Roboto%3A100%2C100italic%2C300%2C300italic%2Cregular%2Citalic%2C500%2C500italic%2C700%2C700italic%2C900%2C900italic|font_style:400%20regular%3A400%3Anormal&#8221;][\/vc_column][\/vc_row][vc_row full_width=&#8221;stretch_row&#8221; bg_type=&#8221;bg_color&#8221; bg_color_value=&#8221;#f4f4f4&#8243;][vc_column width=&#8221;1\/6&#8243;][vc_empty_space height=&#8221;30&#8243;][\/vc_column][vc_column width=&#8221;2\/6&#8243;][vc_empty_space][vc_column_text]<\/p>\n<ul>\n<li>Change and the Needs for Change<\/li>\n<li>Implications of the Change in the Business World<\/li>\n<li>Our Realities, Why Do We Fail and What Do We Lose?<\/li>\n<li>What is Agile and Agile Manifesto?<\/li>\n<li>Iterative and Incremental Approach<\/li>\n<li>MVP (Minimum Viable Product)<\/li>\n<li>Scrum Framework In Brief<\/li>\n<\/ul>\n<p>[\/vc_column_text][\/vc_column][vc_column width=&#8221;2\/6&#8243;][vc_empty_space][vc_column_text]<\/p>\n<ul>\n<li>Benefits of Agility Compliance<\/li>\n<li>Reasons for Increasing the Agility<\/li>\n<li>Basic Principles of Agility Management<\/li>\n<li>Best Organizational Applications for Banking<\/li>\n<li>Portfolio and Program Management<\/li>\n<li>The Basics of Agility Performance Management<\/li>\n<\/ul>\n<p>[\/vc_column_text][vc_empty_space][\/vc_column][vc_column width=&#8221;1\/6&#8243;][\/vc_column][\/vc_row][vc_row][vc_column width=&#8221;1\/6&#8243;][\/vc_column][vc_column width=&#8221;4\/6&#8243;][vc_custom_heading text=&#8221;Who Should Attend&#8221; font_container=&#8221;tag:h2|font_size:30|text_align:center&#8221; google_fonts=&#8221;font_family:Roboto%3A100%2C100italic%2C300%2C300italic%2Cregular%2Citalic%2C500%2C500italic%2C700%2C700italic%2C900%2C900italic|font_style:400%20regular%3A400%3Anormal&#8221;][vc_column_text]<\/p>\n<div id=\"ultimate-heading-6195a7c476b73d21\" class=\"uvc-heading ult-adjust-bottom-margin ultimate-heading-6195a7c476b73d21 uvc-7058 \" data-hspacer=\"no_spacer\" data-halign=\"center\">\n<div class=\"uvc-main-heading ult-responsive\" data-ultimate-target=\".uvc-heading.ultimate-heading-6195a7c476b73d21 h5\" data-responsive-json-new=\"{&quot;font-size&quot;:&quot;&quot;,&quot;line-height&quot;:&quot;&quot;}\">\n<p>The training is open to the participation of all managers who take part in various departments such as Marketing, Sales, Human Resources and IT in the banking sector, who want to learn a new and agile management perspective.<\/p>\n<\/div>\n<\/div>\n<p>[\/vc_column_text][\/vc_column][vc_column width=&#8221;1\/6&#8243;][\/vc_column][\/vc_row][vc_row][vc_column width=&#8221;1\/6&#8243;][\/vc_column][vc_column width=&#8221;2\/6&#8243;][vc_single_image image=&#8221;52648&#8243; img_size=&#8221;full&#8221; alignment=&#8221;center&#8221;][vc_cta h2=&#8221;&#8221; h2_font_container=&#8221;font_size:25&#8243; h2_google_fonts=&#8221;font_family:Roboto%3A100%2C100italic%2C300%2C300italic%2Cregular%2Citalic%2C500%2C500italic%2C700%2C700italic%2C900%2C900italic|font_style:400%20regular%3A400%3Anormal&#8221; h4=&#8221;Vice President, Fraud Management at BKM&#8221; h4_google_fonts=&#8221;font_family:Roboto%3A100%2C100italic%2C300%2C300italic%2Cregular%2Citalic%2C500%2C500italic%2C700%2C700italic%2C900%2C900italic|font_style:400%20regular%3A400%3Anormal&#8221; use_custom_fonts_h2=&#8221;true&#8221; use_custom_fonts_h4=&#8221;true&#8221;]<\/p>\n<h5><em>In the Product Backlog Management Training I participated in, I saw many processes that are being wrongly implemented .\u00a0I got an idea about the critical points in Backlog management and management of Scrum teams.<\/em><\/h5>\n<p>[\/vc_cta][vc_single_image image=&#8221;52649&#8243; img_size=&#8221;full&#8221; alignment=&#8221;center&#8221;][vc_cta h2=&#8221;&#8221; h2_font_container=&#8221;font_size:25&#8243; h2_google_fonts=&#8221;font_family:Roboto%3A100%2C100italic%2C300%2C300italic%2Cregular%2Citalic%2C500%2C500italic%2C700%2C700italic%2C900%2C900italic|font_style:400%20regular%3A400%3Anormal&#8221; h4=&#8221;Project Manager, Yemeksepeti&#8221; h4_google_fonts=&#8221;font_family:Roboto%3A100%2C100italic%2C300%2C300italic%2Cregular%2Citalic%2C500%2C500italic%2C700%2C700italic%2C900%2C900italic|font_style:400%20regular%3A400%3Anormal&#8221; use_custom_fonts_h2=&#8221;true&#8221; use_custom_fonts_h4=&#8221;true&#8221;]<\/p>\n<h5><em>&#8220;We received the training 1.5 year ago with the entire IT team.\u00a0The training met our expectations, it conveyed us the necessary knowledge and mindset to start the process change.&#8221;<\/em><\/h5>\n<p>[\/vc_cta][\/vc_column][vc_column width=&#8221;2\/6&#8243;][vc_single_image image=&#8221;52650&#8243; img_size=&#8221;full&#8221; alignment=&#8221;center&#8221;][vc_cta h2=&#8221;&#8221; h2_font_container=&#8221;font_size:25&#8243; h2_google_fonts=&#8221;font_family:Roboto%3A100%2C100italic%2C300%2C300italic%2Cregular%2Citalic%2C500%2C500italic%2C700%2C700italic%2C900%2C900italic|font_style:400%20regular%3A400%3Anormal&#8221; h4=&#8221;Basic Banking Business Development, Denizbank&#8221; h4_google_fonts=&#8221;font_family:Roboto%3A100%2C100italic%2C300%2C300italic%2Cregular%2Citalic%2C500%2C500italic%2C700%2C700italic%2C900%2C900italic|font_style:400%20regular%3A400%3Anormal&#8221; use_custom_fonts_h2=&#8221;true&#8221; use_custom_fonts_h4=&#8221;true&#8221;]<\/p>\n<h5><em>&#8220;I had previously participated in the\u00a0<a href=\"http:\/\/acmagile.com\/yazilar\/scrum-nedir\/\">Scrum<\/a>\u00a0training given by another educational institution .\u00a0While the things which were told in the training sounded very logical, I had a lot of difficulty in putting into practice what I learned since no information was given on how to implement\u00a0<a href=\"http:\/\/acmagile.com\/yazilar\/scrum-nedir\/\">Scrum<\/a>\u00a0in real life.\u00a0Thanks to the ACM training I participated in a while later, I learned from beginning to the end how\u00a0<a href=\"http:\/\/acmagile.com\/yazilar\/scrum-nedir\/\">Scrum<\/a>\u00a0should be implemented in a project and the errors frequently made during implementation.\u00a0Now, I can recommend implementing\u00a0<a href=\"http:\/\/acmagile.com\/yazilar\/scrum-nedir\/\">Scrum<\/a>\u00a0in respect of all our projects to the management without hesitation.&#8221;<\/em><\/h5>\n<p>[\/vc_cta][\/vc_column][vc_column width=&#8221;1\/6&#8243;][\/vc_column][\/vc_row]<\/p>\n","protected":false},"excerpt":{"rendered":"<p>[vc_row][vc_column][vc_custom_heading text=&#8221;Agile for Bank Leaders (1 Day)&#8221; font_container=&#8221;tag:h2|font_size:40|text_align:center&#8221; google_fonts=&#8221;font_family:Roboto%3A100%2C100italic%2C300%2C300italic%2Cregular%2Citalic%2C500%2C500italic%2C700%2C700italic%2C900%2C900italic|font_style:400%20regular%3A400%3Anormal&#8221;][\/vc_column][\/vc_row][vc_row][vc_column][vc_empty_space height=&#8221;50&#8243;][\/vc_column][\/vc_row][vc_row full_width=&#8221;stretch_row&#8221; bg_type=&#8221;bg_color&#8221; bg_color_value=&#8221;#e0e0e0&#8243;][vc_column width=&#8221;1\/6&#8243;][\/vc_column][vc_column width=&#8221;1\/6&#8243;][vc_empty_space][vc_single_image image=&#8221;56448&#8243; img_size=&#8221;large&#8221; alignment=&#8221;center&#8221;][\/vc_column][vc_column width=&#8221;3\/6&#8243;][vc_empty_space][vc_column_text][\/vc_column_text][\/vc_column][vc_column width=&#8221;1\/6&#8243;][\/vc_column][\/vc_row][vc_row][vc_column][vc_empty_space height=&#8221;30&#8243;][\/vc_column][\/vc_row][vc_row][vc_column width=&#8221;1\/6&#8243;][\/vc_column][vc_column width=&#8221;2\/6&#8243;][vc_single_image image=&#8221;52646&#8243; img_size=&#8221;full&#8221; alignment=&#8221;center&#8221;][vc_cta h2=&#8221;&#8221; h2_font_container=&#8221;font_size:25&#8243; h2_google_fonts=&#8221;font_family:Roboto%3A100%2C100italic%2C300%2C300italic%2Cregular%2Citalic%2C500%2C500italic%2C700%2C700italic%2C900%2C900italic|font_style:400%20regular%3A400%3Anormal&#8221; h4=&#8221;General Manager of Technology, Yap\u0131 Kredi&#8221; h4_google_fonts=&#8221;font_family:Roboto%3A100%2C100italic%2C300%2C300italic%2Cregular%2Citalic%2C500%2C500italic%2C700%2C700italic%2C900%2C900italic|font_style:400%20regular%3A400%3Anormal&#8221; use_custom_fonts_h2=&#8221;true&#8221; use_custom_fonts_h4=&#8221;true&#8221;] Everybody developed an awareness of Agile. We understood that the jobs we did can also be carried&hellip;<\/p>\n","protected":false},"author":2,"featured_media":0,"parent":0,"menu_order":0,"comment_status":"closed","ping_status":"closed","template":"","meta":[],"_links":{"self":[{"href":"https:\/\/old.acmagile.com\/en\/wp-json\/wp\/v2\/pages\/56225"}],"collection":[{"href":"https:\/\/old.acmagile.com\/en\/wp-json\/wp\/v2\/pages"}],"about":[{"href":"https:\/\/old.acmagile.com\/en\/wp-json\/wp\/v2\/types\/page"}],"author":[{"embeddable":true,"href":"https:\/\/old.acmagile.com\/en\/wp-json\/wp\/v2\/users\/2"}],"replies":[{"embeddable":true,"href":"https:\/\/old.acmagile.com\/en\/wp-json\/wp\/v2\/comments?post=56225"}],"version-history":[{"count":0,"href":"https:\/\/old.acmagile.com\/en\/wp-json\/wp\/v2\/pages\/56225\/revisions"}],"wp:attachment":[{"href":"https:\/\/old.acmagile.com\/en\/wp-json\/wp\/v2\/media?parent=56225"}],"curies":[{"name":"wp","href":"https:\/\/api.w.org\/{rel}","templated":true}]}}