{"id":56193,"date":"2017-10-16T14:56:00","date_gmt":"2017-10-16T11:56:00","guid":{"rendered":"http:\/\/www.acmagile.com\/agility-checkup\/"},"modified":"2020-01-08T16:29:50","modified_gmt":"2020-01-08T16:29:50","slug":"agility-checkup","status":"publish","type":"page","link":"https:\/\/old.acmagile.com\/en\/agility-checkup\/","title":{"rendered":"Agility CheckUp\u2122"},"content":{"rendered":"<p>[vc_row][vc_column][rev_slider_vc alias=&#8221;coach-camp&#8221;][\/vc_column][\/vc_row][vc_row][vc_column width=&#8221;1\/6&#8243;][\/vc_column][vc_column width=&#8221;2\/3&#8243;][vc_wp_text]<\/p>\n<p style=\"text-align: center;\"><a class=\"submenu\" href=\"http:\/\/www.acmagile.com\/en\/agile-transformation\/\">Agile Transformation<\/a><a class=\"submenu\" href=\"http:\/\/www.acmagile.com\/en\/agile-team-coaching\/\">Team Coaching<\/a><a class=\"submenu\" href=\"http:\/\/www.acmagile.com\/en\/agile-leadership\/\">Agile Leadership<\/a><a class=\"submenu\" href=\"http:\/\/www.acmagile.com\/en\/agile-portfolio-management\/\">Agile Portfolio Management<\/a><a class=\"submenu\" href=\"http:\/\/www.acmagile.com\/en\/digitalization-agility-booster-program\/\">Digitalization Agility Booster Tribe Program<\/a><\/p>\n<p>[\/vc_wp_text][\/vc_column][vc_column width=&#8221;1\/6&#8243;][\/vc_column][\/vc_row][vc_row full_width=&#8221;stretch_row&#8221; bg_type=&#8221;bg_color&#8221; bg_color_value=&#8221;#f7931e&#8221;][vc_column width=&#8221;1\/6&#8243;][\/vc_column][vc_column width=&#8221;2\/3&#8243;][vc_custom_heading text=&#8221;Agility CheckUp\u2122&#8221; font_container=&#8221;tag:h1|font_size:40|text_align:center|color:%23ffffff|line_height:2&#8243; google_fonts=&#8221;font_family:Roboto%3A100%2C100italic%2C300%2C300italic%2Cregular%2Citalic%2C500%2C500italic%2C700%2C700italic%2C900%2C900italic|font_style:100%20light%20regular%3A100%3Anormal&#8221; css_animation=&#8221;zoomIn&#8221;][vc_empty_space height=&#8221;50px&#8221;][vc_custom_heading text=&#8221;Agility CheckUp \u2122 is an evaluation study designed to support the development and assessment of teams&#8217; maturity in implementing agile practices and processes. In this team-focused assessment team competencies and processes are addressed with over 200 questions from 6 different perspectives. The purpose of this assessment is not to inspect the team but to allow the teams to oversee their own processes and discover the improvement points.&#8221; font_container=&#8221;tag:p|text_align:center|color:%23ffffff&#8221; google_fonts=&#8221;font_family:Roboto%3A100%2C100italic%2C300%2C300italic%2Cregular%2Citalic%2C500%2C500italic%2C700%2C700italic%2C900%2C900italic|font_style:100%20light%20regular%3A100%3Anormal&#8221; css_animation=&#8221;zoomIn&#8221;][vc_empty_space height=&#8221;50px&#8221;][\/vc_column][vc_column width=&#8221;1\/6&#8243;][\/vc_column][\/vc_row][vc_row full_width=&#8221;stretch_row&#8221;][vc_column width=&#8221;1\/2&#8243;][vc_single_image image=&#8221;56421&#8243; img_size=&#8221;full&#8221; alignment=&#8221;center&#8221; css_animation=&#8221;zoomIn&#8221;][\/vc_column][vc_column width=&#8221;1\/2&#8243;][vc_empty_space height=&#8221;90px&#8221;][vc_custom_heading text=&#8221;Why Agility CheckUp\u2122&#8221; font_container=&#8221;tag:h2|font_size:40|text_align:center|color:%23000000|line_height:2&#8243; google_fonts=&#8221;font_family:Roboto%3A100%2C100italic%2C300%2C300italic%2Cregular%2Citalic%2C500%2C500italic%2C700%2C700italic%2C900%2C900italic|font_style:100%20light%20regular%3A100%3Anormal&#8221; css_animation=&#8221;zoomIn&#8221;][vc_empty_space height=&#8221;50px&#8221;][vc_column_text css_animation=&#8221;zoomIn&#8221;]<\/p>\n<ul>\n<li>Discovery of disruptive points within process, teamwork, motivation, value production and technical maturity<\/li>\n<li>Assuming responsibility for developing team processes and competencies<\/li>\n<li>Guidance of the team as to what it should do and from where it should start to improve its performance<\/li>\n<li>Triggering teamwork and collaboration<\/li>\n<li>Obtaining learning, developing, high-performance teams<\/li>\n<\/ul>\n<p>[\/vc_column_text][vc_empty_space height=&#8221;50px&#8221;][\/vc_column][\/vc_row][vc_row full_width=&#8221;stretch_row&#8221; bg_type=&#8221;bg_color&#8221; bg_color_value=&#8221;#898989&#8243;][vc_column width=&#8221;1\/6&#8243;][\/vc_column][vc_column width=&#8221;2\/3&#8243;][vc_custom_heading text=&#8221;Roadmap&#8221; font_container=&#8221;tag:h2|font_size:40|text_align:center|color:%23ffffff&#8221; google_fonts=&#8221;font_family:Roboto%3A100%2C100italic%2C300%2C300italic%2Cregular%2Citalic%2C500%2C500italic%2C700%2C700italic%2C900%2C900italic|font_style:100%20light%20regular%3A100%3Anormal&#8221; css_animation=&#8221;zoomIn&#8221;][vc_empty_space height=&#8221;50px&#8221;][vc_column_text css_animation=&#8221;zoomIn&#8221;]<\/p>\n<p style=\"text-align: center;\"><span style=\"color: #ffffff;\">AgilityCheckUp\u2122 study is conducted under the leadership of a specialized ACM Agile coach, by holding workshop sessions with the team. The length and scope of the study may change according to the number of teams to be evaluated and the contribution to be made by the teams to this evaluation. In the end of the study, the respective evaluation results and improvement action suggestions are shared.<\/span><\/p>\n<p style=\"text-align: center;\"><span style=\"color: #ffffff;\">Please contact us for implementing the AgilityCheckUp\u2122 study for your teams.<\/span><\/p>\n<p>[\/vc_column_text]<div id=\"modal-trg-txt-wrap-1008\" class=\"ult-modal-input-wrapper ult-adjust-bottom-margin    \" data-keypress-control=\"keypress-control-enable\" data-overlay-control=\"overlay-control-enable\"><button  data-ultimate-target='#modal-trg-txt-wrap-1008 .btn-modal'  data-responsive-json-new='{\"font-size\":\"desktop:25px;\",\"line-height\":\"\"}'  style=\"background:#f7bb76;border-color:#f7bb76;color:#ffffff; font-family:&#039;Roboto&#039;;font-weight:100;\" data-class-id=\"content-6a0491d8d0e9d9-03430293\" class=\"btn-modal ult-responsive btn-primary btn-modal-block overlay-show ult-align-center btn-id-6a0491d8d0e9d9-03430293\" data-overlay-class=\"overlay-cornerbottomleft\">Contact Us<\/button><\/div>\n<div class=\"ult-overlay content-6a0491d8d0e9d9-03430293 \" data-class=\"content-6a0491d8d0e9d9-03430293\" id=\"button-click-overlay\" style=\"background:rgba(51,51,51,0.8); display:none;\">\n\t<div class=\"ult_modal ult-fade ult-container\">\n\t\t<div id=\"ult-modal-wrap-1391\" class=\"ult_modal-content ult-hide\" style=\"border-style:solid;border-width:2px;border-radius:0px;border-color:#333333;\">\n\t\t\t<div  data-ultimate-target='#ult-modal-wrap-1391 .ult_modal-body'  data-responsive-json-new='{\"font-size\":\"\",\"line-height\":\"\"}'  class=\"ult_modal-body ult-responsive ult-html\" style=\"\">\n\t\t\t<div role=\"form\" class=\"wpcf7\" id=\"wpcf7-f52531-o1\" lang=\"en\" dir=\"ltr\">\n<div class=\"screen-reader-response\"><p role=\"status\" aria-live=\"polite\" aria-atomic=\"true\"><\/p> <ul><\/ul><\/div>\n<form action=\"\/en\/wp-json\/wp\/v2\/pages\/56193#wpcf7-f52531-o1\" method=\"post\" class=\"wpcf7-form init\" novalidate=\"novalidate\" data-status=\"init\">\n<div style=\"display: none;\">\n<input type=\"hidden\" name=\"_wpcf7\" value=\"52531\" \/>\n<input type=\"hidden\" name=\"_wpcf7_version\" value=\"5.5.6.1\" \/>\n<input type=\"hidden\" name=\"_wpcf7_locale\" value=\"en\" \/>\n<input type=\"hidden\" name=\"_wpcf7_unit_tag\" value=\"wpcf7-f52531-o1\" \/>\n<input type=\"hidden\" name=\"_wpcf7_container_post\" value=\"0\" \/>\n<input type=\"hidden\" name=\"_wpcf7_posted_data_hash\" value=\"\" \/>\n<input type=\"hidden\" name=\"_wpcf7dtx_version\" value=\"5.0.5\" \/>\n<input type=\"hidden\" name=\"_wpcf7_recaptcha_response\" value=\"\" \/>\n<\/div>\n<p><label> Ad \/ Soyad<br \/>\n    <span class=\"wpcf7-form-control-wrap ad-soyad\"><input type=\"text\" name=\"ad-soyad\" value=\"\" size=\"40\" class=\"wpcf7-form-control wpcf7-text wpcf7-validates-as-required\" aria-required=\"true\" aria-invalid=\"false\" \/><\/span> <\/label><\/p>\n<p><label> Email<br \/>\n    <span class=\"wpcf7-form-control-wrap email\"><input type=\"email\" name=\"email\" value=\"\" size=\"40\" class=\"wpcf7-form-control wpcf7-text wpcf7-email wpcf7-validates-as-required wpcf7-validates-as-email\" aria-required=\"true\" aria-invalid=\"false\" \/><\/span> <\/label><\/p>\n<p><label> Telefon<br \/>\n    <span class=\"wpcf7-form-control-wrap telefon\"><input type=\"text\" name=\"telefon\" value=\"\" size=\"40\" class=\"wpcf7-form-control wpcf7-text wpcf7-validates-as-required\" aria-required=\"true\" aria-invalid=\"false\" \/><\/span> <\/label><\/p>\n<p><label> \u015eirket<br \/>\n    <span class=\"wpcf7-form-control-wrap sirket\"><input type=\"text\" name=\"sirket\" value=\"\" size=\"40\" class=\"wpcf7-form-control wpcf7-text wpcf7-validates-as-required\" aria-required=\"true\" aria-invalid=\"false\" \/><\/span> <\/label><\/p>\n<p><label> Pozisyon<br \/>\n    <span class=\"wpcf7-form-control-wrap posisyon\"><input type=\"text\" name=\"posisyon\" value=\"\" size=\"40\" class=\"wpcf7-form-control wpcf7-text wpcf7-validates-as-required\" aria-required=\"true\" aria-invalid=\"false\" \/><\/span> <\/label><\/p>\n<p><label> Sizi ne harekete ge\u00e7irdi? L\u00fctfen size en uygun olan\u0131 se\u00e7in.<br \/>\n    <span class=\"wpcf7-form-control-wrap action-cause\"><select name=\"action-cause\" class=\"wpcf7-form-control wpcf7-select wpcf7-validates-as-required\" aria-required=\"true\" aria-invalid=\"false\"><option value=\"\">---<\/option><option value=\"ACM&#039;i Google reklamlar\u0131nda g\u00f6rd\u00fcm.\">ACM&#039;i Google reklamlar\u0131nda g\u00f6rd\u00fcm.<\/option><option value=\"ACM&#039;i YouTube reklamlar\u0131nda g\u00f6rd\u00fcm.\">ACM&#039;i YouTube reklamlar\u0131nda g\u00f6rd\u00fcm.<\/option><option value=\"G\u00f6nderdi\u011finiz duyuru emailini okudum.\">G\u00f6nderdi\u011finiz duyuru emailini okudum.<\/option><option value=\"Sosyal medya payla\u015f\u0131m\u0131n\u0131z\u0131 g\u00f6rd\u00fcm.\">Sosyal medya payla\u015f\u0131m\u0131n\u0131z\u0131 g\u00f6rd\u00fcm.<\/option><option value=\"Google&#039;da arama yaparken kar\u015f\u0131la\u015ft\u0131m.\">Google&#039;da arama yaparken kar\u015f\u0131la\u015ft\u0131m.<\/option><option value=\"ACM&#039;i Harvard Business Review T\u00fcrkiye&#039;de g\u00f6rm\u00fc\u015ft\u00fcm.\">ACM&#039;i Harvard Business Review T\u00fcrkiye&#039;de g\u00f6rm\u00fc\u015ft\u00fcm.<\/option><option value=\"Daha \u00f6nce e\u011fitim alm\u0131\u015ft\u0131m.\">Daha \u00f6nce e\u011fitim alm\u0131\u015ft\u0131m.<\/option><option value=\"ACM&#039;i arkada\u015f\u0131m tavsiye etti.\">ACM&#039;i arkada\u015f\u0131m tavsiye etti.<\/option><option value=\"Di\u011fer\">Di\u011fer<\/option><\/select><\/span><\/label><\/p>\n<p><label> Mesaj\u0131n\u0131z<br \/>\n    <span class=\"wpcf7-form-control-wrap mesajiniz\"><textarea name=\"mesajiniz\" cols=\"40\" rows=\"10\" class=\"wpcf7-form-control wpcf7-textarea wpcf7-validates-as-required\" aria-required=\"true\" aria-invalid=\"false\"><\/textarea><\/span> <\/label><\/p>\n<input type=\"hidden\" name=\"acm-course\" value=\"\" class=\"wpcf7-form-control wpcf7-hidden\" \/>\n<p><a href=\"https:\/\/www.acmagile.com\/kisisel-verilerin-islenmesi-hakkinda-bilgilendirme-metni\/\" target=\"_blank\">KVKK ayd\u0131nlatma metnini okudum, onayl\u0131yorum.<\/a><span class=\"wpcf7-form-control-wrap accept-kisisel-veri\"><span class=\"wpcf7-form-control wpcf7-acceptance optional\"><span class=\"wpcf7-list-item\"><input type=\"checkbox\" name=\"accept-kisisel-veri\" value=\"1\" aria-invalid=\"false\" checked=\"checked\" \/><\/span><\/span><\/span> <\/p>\n<p><a href=\"https:\/\/www.acmagile.com\/ticari-elektronik-ileti-onay-metni\/\" target=\"_blank\">Ticari elektronik ileti metnini okudum, onayl\u0131yorum.<\/a><span class=\"wpcf7-form-control-wrap accept-ticari\"><span class=\"wpcf7-form-control wpcf7-acceptance optional\"><span class=\"wpcf7-list-item\"><input type=\"checkbox\" name=\"accept-ticari\" value=\"1\" aria-invalid=\"false\" checked=\"checked\" \/><\/span><\/span><\/span> <\/p>\n<p><input type=\"submit\" value=\"G\u00f6nder\" class=\"wpcf7-form-control has-spinner wpcf7-submit\" \/><\/p>\n<p><input type=\"hidden\" name=\"cf7rfr_referrer-357\" value=\"\" class=\"wpcf7-form-control cf7-rfr wpcf7-cf7rfr_referrer\" \/><\/p>\n<input type='hidden' class='wpcf7-pum' value='{\"closepopup\":false,\"closedelay\":0,\"openpopup\":true,\"openpopup_id\":0}' \/><div class=\"wpcf7-response-output\" aria-hidden=\"true\"><\/div><\/form><\/div>\n\t\t\t<\/div>\n\t<\/div>\n\t<\/div>\n\t<div class=\"ult-overlay-close top-right\" style=\"width:80px;height:80px; \"><div class=\"ult-overlay-close-inside\">Close<\/div><\/div>\n<\/div>[vc_empty_space height=&#8221;50px&#8221;][\/vc_column][vc_column width=&#8221;1\/6&#8243;][\/vc_column][\/vc_row]<\/p>\n","protected":false},"excerpt":{"rendered":"<p>[vc_row][vc_column][rev_slider_vc alias=&#8221;coach-camp&#8221;][\/vc_column][\/vc_row][vc_row][vc_column width=&#8221;1\/6&#8243;][\/vc_column][vc_column width=&#8221;2\/3&#8243;][vc_wp_text] Agile TransformationTeam CoachingAgile LeadershipAgile Portfolio ManagementDigitalization Agility Booster Tribe Program [\/vc_wp_text][\/vc_column][vc_column width=&#8221;1\/6&#8243;][\/vc_column][\/vc_row][vc_row full_width=&#8221;stretch_row&#8221; bg_type=&#8221;bg_color&#8221; bg_color_value=&#8221;#f7931e&#8221;][vc_column width=&#8221;1\/6&#8243;][\/vc_column][vc_column width=&#8221;2\/3&#8243;][vc_custom_heading text=&#8221;Agility CheckUp\u2122&#8221; font_container=&#8221;tag:h1|font_size:40|text_align:center|color:%23ffffff|line_height:2&#8243; google_fonts=&#8221;font_family:Roboto%3A100%2C100italic%2C300%2C300italic%2Cregular%2Citalic%2C500%2C500italic%2C700%2C700italic%2C900%2C900italic|font_style:100%20light%20regular%3A100%3Anormal&#8221; css_animation=&#8221;zoomIn&#8221;][vc_empty_space height=&#8221;50px&#8221;][vc_custom_heading text=&#8221;Agility CheckUp \u2122 is an evaluation study designed to support the development and assessment of teams&#8217; maturity in implementing agile practices and processes. In this team-focused assessment team&hellip;<\/p>\n","protected":false},"author":2,"featured_media":0,"parent":0,"menu_order":0,"comment_status":"closed","ping_status":"closed","template":"","meta":[],"_links":{"self":[{"href":"https:\/\/old.acmagile.com\/en\/wp-json\/wp\/v2\/pages\/56193"}],"collection":[{"href":"https:\/\/old.acmagile.com\/en\/wp-json\/wp\/v2\/pages"}],"about":[{"href":"https:\/\/old.acmagile.com\/en\/wp-json\/wp\/v2\/types\/page"}],"author":[{"embeddable":true,"href":"https:\/\/old.acmagile.com\/en\/wp-json\/wp\/v2\/users\/2"}],"replies":[{"embeddable":true,"href":"https:\/\/old.acmagile.com\/en\/wp-json\/wp\/v2\/comments?post=56193"}],"version-history":[{"count":0,"href":"https:\/\/old.acmagile.com\/en\/wp-json\/wp\/v2\/pages\/56193\/revisions"}],"wp:attachment":[{"href":"https:\/\/old.acmagile.com\/en\/wp-json\/wp\/v2\/media?parent=56193"}],"curies":[{"name":"wp","href":"https:\/\/api.w.org\/{rel}","templated":true}]}}